{"id":1394,"date":"2026-05-03T18:56:59","date_gmt":"2026-05-03T18:56:59","guid":{"rendered":"https:\/\/innome.de\/?page_id=1394"},"modified":"2026-05-03T18:56:59","modified_gmt":"2026-05-03T18:56:59","slug":"pcr-platten","status":"publish","type":"page","link":"https:\/\/innome.de\/de\/pcr-platten\/","title":{"rendered":"PCR Platten"},"content":{"rendered":"\n<div class=\"wp-block-group alignfull has-global-padding is-layout-constrained wp-container-core-group-is-layout-a61a3a89 wp-block-group-is-layout-constrained\">\n<div class=\"wp-block-group alignfull has-global-padding is-content-justification-center is-layout-constrained wp-container-core-group-is-layout-b6632178 wp-block-group-is-layout-constrained\" style=\"margin-top:var(--wp--preset--spacing--28);margin-bottom:var(--wp--preset--spacing--28);padding-top:var(--wp--preset--spacing--30);padding-bottom:var(--wp--preset--spacing--30)\">\n<div class=\"wp-block-columns is-layout-flex wp-container-core-columns-is-layout-28f84493 wp-block-columns-is-layout-flex\">\n<div class=\"wp-block-column is-vertically-aligned-center is-layout-flow wp-block-column-is-layout-flow\" style=\"padding-right:var(--wp--preset--spacing--16);padding-left:var(--wp--preset--spacing--16);flex-basis:100%\">\n<div class=\"wp-block-group has-global-padding is-content-justification-center is-layout-constrained wp-block-group-is-layout-constrained\">\n<h2 class=\"wp-block-heading has-text-align-left\">PCR-Platten kaufen \u2013 96-Well, 8-Strip, 0,2 ml | kompatibel mit ABI, Bio-Rad, Roche, Eppendorf<\/h2>\n\n\n\n<p class=\"has-text-align-left\"><strong>Hochwertige PCR-Platten und 8-Strip Tubes f\u00fcr alle g\u00e4ngigen Thermocycler \u2013 DNase\/RNase-frei, hitzebest\u00e4ndig, D\u00fcnnwanddesign f\u00fcr optimalen W\u00e4rmetransfer<\/strong><\/p>\n\n\n\n<p>Die <strong>innoME PCR-Platten<\/strong> wurden f\u00fcr pr\u00e4zise und reproduzierbare PCR- und qPCR-Anwendungen entwickelt. Das <strong>D\u00fcnnwanddesign<\/strong> erm\u00f6glicht schnellen W\u00e4rmetransfer und pr\u00e4zise Temperaturkontrolle \u2014 f\u00fcr optimale Amplifikationsergebnisse.<\/p>\n\n\n\n<p>Produziert in einem <strong>Reinraum der Klasse 100.000<\/strong> \u2014 DNase-frei, RNase-frei, endotoxinfrei, pyrogenfrei. Kompatibel mit allen g\u00e4ngigen Thermocyclern: <strong>ABI, Bio-Rad, Roche, Agilent, Eppendorf, Takara<\/strong> und vielen weiteren.<\/p>\n<\/div>\n\n\n\n<div class=\"wp-block-buttons is-layout-flex wp-block-buttons-is-layout-flex\">\n<div class=\"wp-block-button has-custom-width wp-block-button__width-50\"><a class=\"wp-block-button__link wp-element-button\" href=\"https:\/\/shop.innome.de\/products\/pcr-platten\" style=\"border-top-left-radius:100px;border-top-right-radius:100px;border-bottom-left-radius:100px;border-bottom-right-radius:100px\">Jetzt bestellen!<\/a><\/div>\n<\/div>\n<\/div>\n\n\n\n<div class=\"wp-block-column is-vertically-aligned-center is-layout-flow wp-block-column-is-layout-flow\" style=\"padding-right:var(--wp--preset--spacing--16);padding-left:var(--wp--preset--spacing--16);flex-basis:100%\">\n<figure class=\"wp-block-image aligncenter size-full has-custom-border\"><img fetchpriority=\"high\" decoding=\"async\" width=\"2560\" height=\"1441\" src=\"https:\/\/innome.de\/wp-content\/uploads\/2026\/05\/13-scaled.jpg\" alt=\"PCR Platten 96-Well 8-Strip 0.2ml DNase RNase frei ABI Bio-Rad kompatibel innoME\" class=\"wp-image-1396\" style=\"border-top-left-radius:10px;border-top-right-radius:10px;border-bottom-left-radius:10px;border-bottom-right-radius:10px\" srcset=\"https:\/\/innome.de\/wp-content\/uploads\/2026\/05\/13-scaled.jpg 2560w, https:\/\/innome.de\/wp-content\/uploads\/2026\/05\/13-300x169.jpg 300w, https:\/\/innome.de\/wp-content\/uploads\/2026\/05\/13-1024x576.jpg 1024w, https:\/\/innome.de\/wp-content\/uploads\/2026\/05\/13-768x432.jpg 768w, https:\/\/innome.de\/wp-content\/uploads\/2026\/05\/13-1536x864.jpg 1536w, https:\/\/innome.de\/wp-content\/uploads\/2026\/05\/13-2048x1153.jpg 2048w, https:\/\/innome.de\/wp-content\/uploads\/2026\/05\/13-18x10.jpg 18w\" sizes=\"(max-width: 2560px) 100vw, 2560px\" \/><\/figure>\n<\/div>\n<\/div>\n<\/div>\n\n\n\n<div class=\"wp-block-group alignwide is-layout-flow wp-block-group-is-layout-flow\" style=\"margin-top:var(--wp--preset--spacing--30);margin-bottom:var(--wp--preset--spacing--30);padding-top:var(--wp--preset--spacing--30);padding-bottom:var(--wp--preset--spacing--30)\">\n<section class=\"innome-specs-grid\">\n<style>\n.innome-specs-grid{background:#fff;font-family:Poppins,system-ui,sans-serif}.innome-specs-grid *{box-sizing:border-box}.innome-specs-grid__container{max-width:1340px;margin:0 auto}.innome-specs-grid__title{margin:0 0 28px;color:#009FE3;font-size:42px;font-weight:600;letter-spacing:-0.03em}.innome-specs-grid__grid{display:grid;grid-template-columns:repeat(4,minmax(0,1fr));gap:22px}.innome-specs-grid__item{border:1px solid rgba(15,47,58,0.08);border-radius:18px;padding:22px;transition:border-color .25s,box-shadow .25s,transform .25s}.innome-specs-grid__item:hover{border-color:rgba(0,159,227,0.25);box-shadow:0 12px 30px rgba(15,47,58,0.08);transform:translateY(-2px)}.innome-specs-grid__label{margin:0 0 6px;color:#0f2f3a;font-size:17px;font-weight:600}.innome-specs-grid__value{margin:0;color:#5d7680;font-size:15px;line-height:1.65}@media(max-width:1000px){.innome-specs-grid__grid{grid-template-columns:repeat(2,1fr)}}@media(max-width:640px){.innome-specs-grid__grid{grid-template-columns:1fr}}\n<\/style>\n<div class=\"innome-specs-grid__container\">\n<h2 class=\"innome-specs-grid__title\">Technische Spezifikationen<\/h2>\n<div class=\"innome-specs-grid__grid\">\n<div class=\"innome-specs-grid__item\"><h3 class=\"innome-specs-grid__label\">8-Strip Tubes (L099.0001)<\/h3><p class=\"innome-specs-grid__value\">0,2 ml, transparent \u2013 125 Strips\/Box<\/p><\/div>\n<div class=\"innome-specs-grid__item\"><h3 class=\"innome-specs-grid__label\">8-Strip Caps (L099.0002)<\/h3><p class=\"innome-specs-grid__value\">0,2 ml, transparent \u2013 125 Strips\/Box<\/p><\/div>\n<div class=\"innome-specs-grid__item\"><h3 class=\"innome-specs-grid__label\">96-Well Semi-Skirted (L099.0003)<\/h3><p class=\"innome-specs-grid__value\">0,2 ml, transparent \u2013 10 Platten\/Box<\/p><\/div>\n<div class=\"innome-specs-grid__item\"><h3 class=\"innome-specs-grid__label\">96-Well Non-Skirted (L099.0004)<\/h3><p class=\"innome-specs-grid__value\">0,2 ml, transparent \u2013 10 Platten\/Box<\/p><\/div>\n<div class=\"innome-specs-grid__item\"><h3 class=\"innome-specs-grid__label\">Breakable PCR Plate (L099.0005)<\/h3><p class=\"innome-specs-grid__value\">0,2 ml, brechbar \u2013 10 Platten\/Box<\/p><\/div>\n<div class=\"innome-specs-grid__item\"><h3 class=\"innome-specs-grid__label\">Well-Volumen<\/h3><p class=\"innome-specs-grid__value\">0,2 ml<\/p><\/div>\n<div class=\"innome-specs-grid__item\"><h3 class=\"innome-specs-grid__label\">Material<\/h3><p class=\"innome-specs-grid__value\">PP, hitzebest\u00e4ndig, d\u00fcnnwandig<\/p><\/div>\n<div class=\"innome-specs-grid__item\"><h3 class=\"innome-specs-grid__label\">Optische Eigenschaft<\/h3><p class=\"innome-specs-grid__value\">Hohe Transparenz, geringe optische Verluste (Flat Caps)<\/p><\/div>\n<div class=\"innome-specs-grid__item\"><h3 class=\"innome-specs-grid__label\">Zertifikate<\/h3><p class=\"innome-specs-grid__value\">DNase-frei, RNase-frei, endotoxinfrei, pyrogenfrei<\/p><\/div>\n<div class=\"innome-specs-grid__item\"><h3 class=\"innome-specs-grid__label\">Produktion<\/h3><p class=\"innome-specs-grid__value\">Reinraum Klasse 100.000<\/p><\/div>\n<div class=\"innome-specs-grid__item\"><h3 class=\"innome-specs-grid__label\">Kompatibel mit<\/h3><p class=\"innome-specs-grid__value\">ABI, Bio-Rad, Roche, Agilent, Eppendorf, Takara, Bioer, Tianlong u.v.m.<\/p><\/div>\n<div class=\"innome-specs-grid__item\"><h3 class=\"innome-specs-grid__label\">Herkunft<\/h3><p class=\"innome-specs-grid__value\">Deutsches Lager, keine Importgeb\u00fchren<\/p><\/div>\n<\/div>\n<\/div>\n<\/section>\n<\/div>\n\n\n\n<div class=\"wp-block-group alignwide is-layout-flow wp-block-group-is-layout-flow\" style=\"margin-top:var(--wp--preset--spacing--30);margin-bottom:var(--wp--preset--spacing--30);padding-top:var(--wp--preset--spacing--30);padding-bottom:var(--wp--preset--spacing--30)\">\n<section class=\"sb-innome-why\">\n<style>\n.sb-innome-why{background:#fff;font-family:Poppins,system-ui,sans-serif}.sb-innome-why *{box-sizing:border-box}.sb-innome-why__container{max-width:1340px;margin:0 auto}.sb-innome-why__title{margin:0 0 42px;font-size:32px;font-weight:600;color:#009FE3;letter-spacing:-0.03em}.sb-innome-why__grid{display:grid;grid-template-columns:repeat(3,minmax(0,1fr));gap:24px}.sb-innome-why__card{position:relative;background:#fff;border:1px solid #dfe7ec;border-radius:26px;padding:28px 26px;box-shadow:0 12px 30px rgba(15,47,58,.04);overflow:hidden}.sb-innome-why__card::before{content:\"\";position:absolute;top:0;left:0;width:100%;height:3px;background:#009FE3}.sb-innome-why__icon{width:52px;height:52px;border-radius:14px;background:#eef7fc;border:1px solid #cfe8f7;display:flex;align-items:center;justify-content:center;margin-bottom:16px}.sb-innome-why__check{width:22px;height:22px;stroke:#009FE3;fill:none;stroke-width:2.4;stroke-linecap:round;stroke-linejoin:round}.sb-innome-why__heading{margin:0;font-size:17px;font-weight:400;color:#0f2f3a;line-height:1.5}@media(max-width:1100px){.sb-innome-why__grid{grid-template-columns:repeat(2,minmax(0,1fr))}}\n<\/style>\n<div class=\"sb-innome-why__container\">\n<h2 class=\"sb-innome-why__title\">Vorteile<\/h2>\n<div class=\"sb-innome-why__grid\">\n<article class=\"sb-innome-why__card\"><div class=\"sb-innome-why__icon\"><svg class=\"sb-innome-why__check\" viewBox=\"0 0 24 24\"><path d=\"M5 13l4 4L19 7\"\/><\/svg><\/div><h3 class=\"sb-innome-why__heading\">Kompatibel mit ABI, Bio-Rad, Roche, Eppendorf u.v.m.<\/h3><\/article>\n<article class=\"sb-innome-why__card\"><div class=\"sb-innome-why__icon\"><svg class=\"sb-innome-why__check\" viewBox=\"0 0 24 24\"><path d=\"M5 13l4 4L19 7\"\/><\/svg><\/div><h3 class=\"sb-innome-why__heading\">D\u00fcnnwanddesign \u2013 optimaler W\u00e4rmetransfer<\/h3><\/article>\n<article class=\"sb-innome-why__card\"><div class=\"sb-innome-why__icon\"><svg class=\"sb-innome-why__check\" viewBox=\"0 0 24 24\"><path d=\"M5 13l4 4L19 7\"\/><\/svg><\/div><h3 class=\"sb-innome-why__heading\">Flat Caps \u2013 ultra-niedrige optische Verluste f\u00fcr qPCR<\/h3><\/article>\n<article class=\"sb-innome-why__card\"><div class=\"sb-innome-why__icon\"><svg class=\"sb-innome-why__check\" viewBox=\"0 0 24 24\"><path d=\"M5 13l4 4L19 7\"\/><\/svg><\/div><h3 class=\"sb-innome-why__heading\">DNase-frei, RNase-frei, endotoxinfrei, pyrogenfrei<\/h3><\/article>\n<article class=\"sb-innome-why__card\"><div class=\"sb-innome-why__icon\"><svg class=\"sb-innome-why__check\" viewBox=\"0 0 24 24\"><path d=\"M5 13l4 4L19 7\"\/><\/svg><\/div><h3 class=\"sb-innome-why__heading\">5 Formate \u2013 Strips, Semi-Skirted, Non-Skirted, Breakable<\/h3><\/article>\n<article class=\"sb-innome-why__card\"><div class=\"sb-innome-why__icon\"><svg class=\"sb-innome-why__check\" viewBox=\"0 0 24 24\"><path d=\"M5 13l4 4L19 7\"\/><\/svg><\/div><h3 class=\"sb-innome-why__heading\">Deutsches Lager \u2013 1\u20133 Tage Lieferung<\/h3><\/article>\n<\/div>\n<\/div>\n<\/section>\n<\/div>\n<\/div>\n","protected":false},"excerpt":{"rendered":"<p>PCR-Platten kaufen \u2013 96-Well, 8-Strip, 0,2 ml | kompatibel mit ABI, Bio-Rad, Roche, Eppendorf Hochwertige PCR-Platten und 8-Strip Tubes f\u00fcr alle g\u00e4ngigen Thermocycler \u2013 DNase\/RNase-frei, hitzebest\u00e4ndig, D\u00fcnnwanddesign f\u00fcr optimalen W\u00e4rmetransfer Die innoME PCR-Platten wurden f\u00fcr pr\u00e4zise und reproduzierbare PCR- und qPCR-Anwendungen entwickelt. Das D\u00fcnnwanddesign erm\u00f6glicht schnellen W\u00e4rmetransfer und pr\u00e4zise Temperaturkontrolle \u2014 f\u00fcr optimale Amplifikationsergebnisse. Produziert [&hellip;]<\/p>\n","protected":false},"author":1,"featured_media":0,"parent":0,"menu_order":0,"comment_status":"closed","ping_status":"closed","template":"","meta":{"footnotes":""},"class_list":["post-1394","page","type-page","status-publish","hentry"],"yoast_head":"<!-- This site is optimized with the Yoast SEO plugin v27.5 - https:\/\/yoast.com\/product\/yoast-seo-wordpress\/ -->\n<title>PCR-Platten kaufen \u2013 96-Well, 8-Strip, ABI Bio-Rad kompatibel<\/title>\n<meta name=\"description\" content=\"PCR-Platten von innoME \u2013 96-Well Semi\/Non-Skirted, 8-Strip Tubes, 0,2 ml, DNase-frei. Kompatibel mit ABI, Bio-Rad, Roche, Eppendorf.\" \/>\n<meta name=\"robots\" content=\"index, follow, max-snippet:-1, max-image-preview:large, max-video-preview:-1\" \/>\n<link rel=\"canonical\" href=\"https:\/\/innome.de\/de\/pcr-platten\/\" \/>\n<meta property=\"og:locale\" content=\"de_DE\" \/>\n<meta property=\"og:type\" content=\"article\" \/>\n<meta property=\"og:title\" content=\"PCR-Platten kaufen \u2013 96-Well, 8-Strip, ABI Bio-Rad kompatibel\" \/>\n<meta property=\"og:description\" content=\"PCR-Platten von innoME \u2013 96-Well Semi\/Non-Skirted, 8-Strip Tubes, 0,2 ml, DNase-frei. Kompatibel mit ABI, Bio-Rad, Roche, Eppendorf.\" \/>\n<meta property=\"og:url\" content=\"https:\/\/innome.de\/de\/pcr-platten\/\" \/>\n<meta property=\"og:site_name\" content=\"innome\" \/>\n<meta property=\"og:image\" content=\"https:\/\/innome.de\/wp-content\/uploads\/2026\/05\/13-scaled.jpg\" \/>\n\t<meta property=\"og:image:width\" content=\"2560\" \/>\n\t<meta property=\"og:image:height\" content=\"1441\" \/>\n\t<meta property=\"og:image:type\" content=\"image\/jpeg\" \/>\n<meta name=\"twitter:card\" content=\"summary_large_image\" \/>\n<meta name=\"twitter:label1\" content=\"Gesch\u00e4tzte Lesezeit\" \/>\n\t<meta name=\"twitter:data1\" content=\"2\u00a0Minuten\" \/>\n<script type=\"application\/ld+json\" class=\"yoast-schema-graph\">{\"@context\":\"https:\\\/\\\/schema.org\",\"@graph\":[{\"@type\":\"WebPage\",\"@id\":\"https:\\\/\\\/innome.de\\\/pcr-platten\\\/\",\"url\":\"https:\\\/\\\/innome.de\\\/pcr-platten\\\/\",\"name\":\"PCR-Platten kaufen \u2013 96-Well, 8-Strip, ABI Bio-Rad kompatibel\",\"isPartOf\":{\"@id\":\"https:\\\/\\\/innome.de\\\/#website\"},\"primaryImageOfPage\":{\"@id\":\"https:\\\/\\\/innome.de\\\/pcr-platten\\\/#primaryimage\"},\"image\":{\"@id\":\"https:\\\/\\\/innome.de\\\/pcr-platten\\\/#primaryimage\"},\"thumbnailUrl\":\"https:\\\/\\\/innome.de\\\/wp-content\\\/uploads\\\/2026\\\/05\\\/13-scaled.jpg\",\"datePublished\":\"2026-05-03T18:56:59+00:00\",\"description\":\"PCR-Platten von innoME \u2013 96-Well Semi\\\/Non-Skirted, 8-Strip Tubes, 0,2 ml, DNase-frei. Kompatibel mit ABI, Bio-Rad, Roche, Eppendorf.\",\"breadcrumb\":{\"@id\":\"https:\\\/\\\/innome.de\\\/pcr-platten\\\/#breadcrumb\"},\"inLanguage\":\"de\",\"potentialAction\":[{\"@type\":\"ReadAction\",\"target\":[\"https:\\\/\\\/innome.de\\\/pcr-platten\\\/\"]}]},{\"@type\":\"ImageObject\",\"inLanguage\":\"de\",\"@id\":\"https:\\\/\\\/innome.de\\\/pcr-platten\\\/#primaryimage\",\"url\":\"https:\\\/\\\/innome.de\\\/wp-content\\\/uploads\\\/2026\\\/05\\\/13-scaled.jpg\",\"contentUrl\":\"https:\\\/\\\/innome.de\\\/wp-content\\\/uploads\\\/2026\\\/05\\\/13-scaled.jpg\"},{\"@type\":\"BreadcrumbList\",\"@id\":\"https:\\\/\\\/innome.de\\\/pcr-platten\\\/#breadcrumb\",\"itemListElement\":[{\"@type\":\"ListItem\",\"position\":1,\"name\":\"Home\",\"item\":\"https:\\\/\\\/innome.de\\\/\"},{\"@type\":\"ListItem\",\"position\":2,\"name\":\"PCR Platten\"}]},{\"@type\":\"WebSite\",\"@id\":\"https:\\\/\\\/innome.de\\\/#website\",\"url\":\"https:\\\/\\\/innome.de\\\/\",\"name\":\"innome\",\"description\":\"Lab consumable and live cell imaging supplier\",\"publisher\":{\"@id\":\"https:\\\/\\\/innome.de\\\/#organization\"},\"potentialAction\":[{\"@type\":\"SearchAction\",\"target\":{\"@type\":\"EntryPoint\",\"urlTemplate\":\"https:\\\/\\\/innome.de\\\/?s={search_term_string}\"},\"query-input\":{\"@type\":\"PropertyValueSpecification\",\"valueRequired\":true,\"valueName\":\"search_term_string\"}}],\"inLanguage\":\"de\"},{\"@type\":\"Organization\",\"@id\":\"https:\\\/\\\/innome.de\\\/#organization\",\"name\":\"innome\",\"url\":\"https:\\\/\\\/innome.de\\\/\",\"logo\":{\"@type\":\"ImageObject\",\"inLanguage\":\"de\",\"@id\":\"https:\\\/\\\/innome.de\\\/#\\\/schema\\\/logo\\\/image\\\/\",\"url\":\"https:\\\/\\\/innome.de\\\/wp-content\\\/uploads\\\/2026\\\/02\\\/innoMEPNG.png\",\"contentUrl\":\"https:\\\/\\\/innome.de\\\/wp-content\\\/uploads\\\/2026\\\/02\\\/innoMEPNG.png\",\"width\":125,\"height\":26,\"caption\":\"innome\"},\"image\":{\"@id\":\"https:\\\/\\\/innome.de\\\/#\\\/schema\\\/logo\\\/image\\\/\"}}]}<\/script>\n<!-- \/ Yoast SEO plugin. -->","yoast_head_json":{"title":"PCR-Platten kaufen \u2013 96-Well, 8-Strip, ABI Bio-Rad kompatibel","description":"PCR-Platten von innoME \u2013 96-Well Semi\/Non-Skirted, 8-Strip Tubes, 0,2 ml, DNase-frei. Kompatibel mit ABI, Bio-Rad, Roche, Eppendorf.","robots":{"index":"index","follow":"follow","max-snippet":"max-snippet:-1","max-image-preview":"max-image-preview:large","max-video-preview":"max-video-preview:-1"},"canonical":"https:\/\/innome.de\/de\/pcr-platten\/","og_locale":"de_DE","og_type":"article","og_title":"PCR-Platten kaufen \u2013 96-Well, 8-Strip, ABI Bio-Rad kompatibel","og_description":"PCR-Platten von innoME \u2013 96-Well Semi\/Non-Skirted, 8-Strip Tubes, 0,2 ml, DNase-frei. Kompatibel mit ABI, Bio-Rad, Roche, Eppendorf.","og_url":"https:\/\/innome.de\/de\/pcr-platten\/","og_site_name":"innome","og_image":[{"width":2560,"height":1441,"url":"https:\/\/innome.de\/wp-content\/uploads\/2026\/05\/13-scaled.jpg","type":"image\/jpeg"}],"twitter_card":"summary_large_image","twitter_misc":{"Gesch\u00e4tzte Lesezeit":"2\u00a0Minuten"},"schema":{"@context":"https:\/\/schema.org","@graph":[{"@type":"WebPage","@id":"https:\/\/innome.de\/pcr-platten\/","url":"https:\/\/innome.de\/pcr-platten\/","name":"PCR-Platten kaufen \u2013 96-Well, 8-Strip, ABI Bio-Rad kompatibel","isPartOf":{"@id":"https:\/\/innome.de\/#website"},"primaryImageOfPage":{"@id":"https:\/\/innome.de\/pcr-platten\/#primaryimage"},"image":{"@id":"https:\/\/innome.de\/pcr-platten\/#primaryimage"},"thumbnailUrl":"https:\/\/innome.de\/wp-content\/uploads\/2026\/05\/13-scaled.jpg","datePublished":"2026-05-03T18:56:59+00:00","description":"PCR-Platten von innoME \u2013 96-Well Semi\/Non-Skirted, 8-Strip Tubes, 0,2 ml, DNase-frei. Kompatibel mit ABI, Bio-Rad, Roche, Eppendorf.","breadcrumb":{"@id":"https:\/\/innome.de\/pcr-platten\/#breadcrumb"},"inLanguage":"de","potentialAction":[{"@type":"ReadAction","target":["https:\/\/innome.de\/pcr-platten\/"]}]},{"@type":"ImageObject","inLanguage":"de","@id":"https:\/\/innome.de\/pcr-platten\/#primaryimage","url":"https:\/\/innome.de\/wp-content\/uploads\/2026\/05\/13-scaled.jpg","contentUrl":"https:\/\/innome.de\/wp-content\/uploads\/2026\/05\/13-scaled.jpg"},{"@type":"BreadcrumbList","@id":"https:\/\/innome.de\/pcr-platten\/#breadcrumb","itemListElement":[{"@type":"ListItem","position":1,"name":"Home","item":"https:\/\/innome.de\/"},{"@type":"ListItem","position":2,"name":"PCR Platten"}]},{"@type":"WebSite","@id":"https:\/\/innome.de\/#website","url":"https:\/\/innome.de\/","name":"innome","description":"Lab consumable and live cell imaging supplier","publisher":{"@id":"https:\/\/innome.de\/#organization"},"potentialAction":[{"@type":"SearchAction","target":{"@type":"EntryPoint","urlTemplate":"https:\/\/innome.de\/?s={search_term_string}"},"query-input":{"@type":"PropertyValueSpecification","valueRequired":true,"valueName":"search_term_string"}}],"inLanguage":"de"},{"@type":"Organization","@id":"https:\/\/innome.de\/#organization","name":"innome","url":"https:\/\/innome.de\/","logo":{"@type":"ImageObject","inLanguage":"de","@id":"https:\/\/innome.de\/#\/schema\/logo\/image\/","url":"https:\/\/innome.de\/wp-content\/uploads\/2026\/02\/innoMEPNG.png","contentUrl":"https:\/\/innome.de\/wp-content\/uploads\/2026\/02\/innoMEPNG.png","width":125,"height":26,"caption":"innome"},"image":{"@id":"https:\/\/innome.de\/#\/schema\/logo\/image\/"}}]}},"_links":{"self":[{"href":"https:\/\/innome.de\/de\/wp-json\/wp\/v2\/pages\/1394","targetHints":{"allow":["GET"]}}],"collection":[{"href":"https:\/\/innome.de\/de\/wp-json\/wp\/v2\/pages"}],"about":[{"href":"https:\/\/innome.de\/de\/wp-json\/wp\/v2\/types\/page"}],"author":[{"embeddable":true,"href":"https:\/\/innome.de\/de\/wp-json\/wp\/v2\/users\/1"}],"replies":[{"embeddable":true,"href":"https:\/\/innome.de\/de\/wp-json\/wp\/v2\/comments?post=1394"}],"version-history":[{"count":2,"href":"https:\/\/innome.de\/de\/wp-json\/wp\/v2\/pages\/1394\/revisions"}],"predecessor-version":[{"id":1397,"href":"https:\/\/innome.de\/de\/wp-json\/wp\/v2\/pages\/1394\/revisions\/1397"}],"wp:attachment":[{"href":"https:\/\/innome.de\/de\/wp-json\/wp\/v2\/media?parent=1394"}],"curies":[{"name":"wp","href":"https:\/\/api.w.org\/{rel}","templated":true}]}}