{"id":430,"date":"2026-03-06T12:08:12","date_gmt":"2026-03-06T12:08:12","guid":{"rendered":"https:\/\/innome.de\/?page_id=430"},"modified":"2026-03-14T19:22:05","modified_gmt":"2026-03-14T19:22:05","slug":"cmo-plastics","status":"publish","type":"page","link":"https:\/\/innome.de\/de\/cmo-plastics\/","title":{"rendered":"cmo-plastics"},"content":{"rendered":"\n<div class=\"wp-block-group alignfull is-layout-flow wp-block-group-is-layout-flow\">\n<section class=\"wp-block-group alignfull is-style-default has-global-padding is-layout-constrained wp-container-core-group-is-layout-321a82f1 wp-block-group-is-layout-constrained\" style=\"border-top-left-radius:0px;border-top-right-radius:0px;border-bottom-left-radius:0px;border-bottom-right-radius:0px;margin-top:0;margin-bottom:0\">\n<div class=\"wp-block-cover alignwide has-custom-content-position is-position-center-left aspect-xs-portrait aspect-sm-wide aspect-md-wide has-aspect-ratio\" style=\"border-top-left-radius:30px;border-top-right-radius:30px;border-bottom-left-radius:30px;border-bottom-right-radius:30px;padding-top:var(--wp--preset--spacing--64);padding-right:var(--wp--preset--spacing--64);padding-bottom:var(--wp--preset--spacing--64);padding-left:var(--wp--preset--spacing--64);aspect-ratio:19\/9;min-height:unset;\"><img fetchpriority=\"high\" decoding=\"async\" width=\"1024\" height=\"436\" class=\"wp-block-cover__image-background wp-image-431 size-large\" alt=\"\" src=\"https:\/\/innome.de\/wp-content\/uploads\/2026\/03\/Manu-1024x436.jpg\" data-object-fit=\"cover\" srcset=\"https:\/\/innome.de\/wp-content\/uploads\/2026\/03\/Manu-1024x436.jpg 1024w, https:\/\/innome.de\/wp-content\/uploads\/2026\/03\/Manu-300x128.jpg 300w, https:\/\/innome.de\/wp-content\/uploads\/2026\/03\/Manu-768x327.jpg 768w, https:\/\/innome.de\/wp-content\/uploads\/2026\/03\/Manu-1536x654.jpg 1536w, https:\/\/innome.de\/wp-content\/uploads\/2026\/03\/Manu.jpg 1920w\" sizes=\"(max-width: 1024px) 100vw, 1024px\" \/><span aria-hidden=\"true\" class=\"wp-block-cover__background has-secondary-background-color has-background-dim-20 has-background-dim\"><\/span><div class=\"wp-block-cover__inner-container is-layout-flow wp-block-cover-is-layout-flow\">\n<div class=\"wp-block-group is-layout-flow wp-block-group-is-layout-flow\">\n<div class=\"wp-block-group has-global-padding is-layout-constrained wp-block-group-is-layout-constrained\">\n<div class=\"wp-block-group is-layout-flow wp-container-core-group-is-layout-925e4b43 wp-block-group-is-layout-flow\">\n<div class=\"wp-block-group is-layout-flow wp-container-core-group-is-layout-26ef70db wp-block-group-is-layout-flow\">\n<h2 class=\"wp-block-heading is-style-text-lead-2 is-style-text-lead-2--1\" style=\"line-height:1.2\">OEM<\/h2>\n<\/div>\n\n\n\n<p class=\"is-style-text-summary-2 has-tiny-font-size is-style-text-summary-2--2\" style=\"font-style:normal;font-weight:300\">Wir begleiten Sie von den fr\u00fchen Phasen Ihrer Ideen \u00fcber die Entwicklung erster Prototypen bis hin zur Serienproduktion. Ma\u00dfgeschneiderte, individuelle L\u00f6sungen f\u00fcr Ihre Zellkultur-Anwendungen.<\/p>\n<\/div>\n\n\n\n<div class=\"wp-block-buttons is-layout-flex wp-block-buttons-is-layout-flex\">\n<div class=\"wp-block-button has-custom-width wp-block-button__width-25 is-style-button-size-1 is-style-fill\"><a class=\"wp-block-button__link wp-element-button\" style=\"border-style:none;border-width:0px;border-top-left-radius:40px;border-top-right-radius:40px;border-bottom-left-radius:40px;border-bottom-right-radius:40px\">Mehr erfahren<\/a><\/div>\n<\/div>\n<\/div>\n<\/div>\n<\/div><\/div>\n<\/section>\n<\/div>\n\n\n\n<div class=\"wp-block-group alignfull has-background has-global-padding is-layout-constrained wp-container-core-group-is-layout-0ae5d4e4 wp-block-group-is-layout-constrained\" style=\"background-color:#ffffff;padding-top:var(--wp--preset--spacing--38);padding-bottom:var(--wp--preset--spacing--38)\">\n<div class=\"wp-block-columns is-layout-flex wp-container-core-columns-is-layout-28f84493 wp-block-columns-is-layout-flex\">\n<div class=\"wp-block-column is-vertically-aligned-center is-layout-flow wp-block-column-is-layout-flow\" style=\"flex-basis:50%\">\n<div class=\"wp-block-group has-global-padding is-content-justification-left is-layout-constrained wp-container-core-group-is-layout-d37358ce wp-block-group-is-layout-constrained\">\n<h2 class=\"wp-block-heading\">OEM<\/h2>\n\n\n\n<p>innoME ist Teil einer weltweit etablierten Unternehmensgruppe mit langj\u00e4hriger Erfahrung in der industriellen Fertigung. Unsere Wurzeln liegen in der Automobilindustrie, wo h\u00f6chste Qualit\u00e4tsstandards, Pr\u00e4zision und zuverl\u00e4ssige Produktionsprozesse seit Jahrzehnten den Ma\u00dfstab bilden.<\/p>\n\n\n\n<p>Mit diesem industriellen Know-how bringt innoME bew\u00e4hrte Engineering- und Produktionskompetenzen in die dynamische Welt der Biotechnologie ein.<\/p>\n\n\n\n<div class=\"wp-block-buttons is-nowrap is-layout-flex wp-container-core-buttons-is-layout-6c531013 wp-block-buttons-is-layout-flex\">\n<div class=\"wp-block-button has-custom-width wp-block-button__width-50\"><a class=\"wp-block-button__link wp-element-button\" href=\"#contact\">Kontaktieren Sie uns<\/a><\/div>\n<\/div>\n<\/div>\n<\/div>\n\n\n\n<div class=\"wp-block-column is-vertically-aligned-center is-layout-flow wp-block-column-is-layout-flow\" style=\"flex-basis:50%\">\n<figure class=\"wp-block-image size-full is-resized has-custom-border\"><img decoding=\"async\" width=\"1093\" height=\"768\" src=\"https:\/\/innome.de\/wp-content\/uploads\/2026\/03\/pict1.png\" alt=\"\" class=\"wp-image-465\" style=\"border-top-left-radius:10px;border-top-right-radius:10px;border-bottom-left-radius:10px;border-bottom-right-radius:10px;width:800px\" srcset=\"https:\/\/innome.de\/wp-content\/uploads\/2026\/03\/pict1.png 1093w, https:\/\/innome.de\/wp-content\/uploads\/2026\/03\/pict1-300x211.png 300w, https:\/\/innome.de\/wp-content\/uploads\/2026\/03\/pict1-1024x720.png 1024w, https:\/\/innome.de\/wp-content\/uploads\/2026\/03\/pict1-768x540.png 768w\" sizes=\"(max-width: 1093px) 100vw, 1093px\" \/><\/figure>\n<\/div>\n<\/div>\n<\/div>\n\n\n\n<div class=\"wp-block-group alignwide has-global-padding is-content-justification-left is-layout-constrained wp-container-core-group-is-layout-d37358ce wp-block-group-is-layout-constrained\">\n<section class=\"sb-ps\" aria-labelledby=\"sb-ps-title\">\n  <div class=\"sb-ps__container\">\n    <header class=\"sb-ps__head\">\n      <h2 id=\"sb-ps-title\" class=\"sb-ps__title\">OEM-Kompetenzen<\/h2>\n    <\/header>\n\n    <div class=\"sb-ps__grid\">\n\n      <a class=\"sb-ps__card\" href=\"#\">\n        <div class=\"sb-ps__icon\">\n          <img decoding=\"async\" src=\"https:\/\/innome.de\/wp-content\/uploads\/2026\/02\/6143761.png\" alt=\"Automatisierte Zellanalyse Icon\" class=\"sb-ps__icon-img\" loading=\"lazy\">\n        <\/div>\n        <h3 class=\"sb-ps__name\">Automotive-Grade Precision<\/h3>\n        <p class=\"sb-ps__desc\">\n          innoME baut auf jahrzehntelanger Erfahrung in der Automobil-Sensorfertigung auf und \u00fcbertr\u00e4gt diese Pr\u00e4zision und Zuverl\u00e4ssigkeit in Anwendungen der Biotechnologie.\n        <\/p>\n      <\/a>\n\n      <a class=\"sb-ps__card\" href=\"#\">\n        <div class=\"sb-ps__icon\">\n          <img decoding=\"async\" src=\"https:\/\/innome.de\/wp-content\/uploads\/2026\/02\/6172187214.png\" alt=\"Biotech Manufacturing Expertise\" class=\"sb-ps__icon-img\" loading=\"lazy\">\n        <\/div>\n        <h3 class=\"sb-ps__name\">Biotech Manufacturing Expertise<\/h3>\n        <p class=\"sb-ps__desc\">\n          Wir verbinden ingenieurtechnisches Know-how mit den Anforderungen der Biotechnologie, um hochwertige Zellkultur-Verbrauchsmaterialien und Sensorkomponenten zu entwickeln.\n        <\/p>\n      <\/a>\n\n      <a class=\"sb-ps__card\" href=\"#\">\n        <div class=\"sb-ps__icon\">\n          <img decoding=\"async\" src=\"https:\/\/innome.de\/wp-content\/uploads\/2026\/02\/617218721462.png\" alt=\"Zell Alerts Icon\" class=\"sb-ps__icon-img\" loading=\"lazy\">\n        <\/div>\n        <h3 class=\"sb-ps__name\">Scalable Production<\/h3>\n        <p class=\"sb-ps__desc\">\n          Von fr\u00fchen Prototypen bis hin zur industriellen Serienproduktion unterst\u00fctzen unsere Fertigungsprozesse jede Phase des Produktlebenszyklus.\n        <\/p>\n      <\/a>\n\n    <\/div>\n  <\/div>\n<\/section>\n<\/div>\n\n\n\n<div class=\"wp-block-group alignwide has-global-padding is-layout-constrained wp-container-core-group-is-layout-0ae5d4e4 wp-block-group-is-layout-constrained\" style=\"padding-top:var(--wp--preset--spacing--38);padding-bottom:var(--wp--preset--spacing--38)\">\n<h2 class=\"wp-block-heading has-text-align-center\">Ihr All-in-One-Partner f\u00fcr Zellkultur<\/h2>\n\n\n\n<p class=\"has-text-align-center\">Wir unterst\u00fctzen Biotechnologieunternehmen dabei, innovative Ideen in marktreife L\u00f6sungen zu \u00fcberf\u00fchren \u2013 von der ersten Konzeptphase bis zur industriellen Umsetzung.<\/p>\n<\/div>\n\n\n\n<div class=\"wp-block-group alignfull has-background has-global-padding is-layout-constrained wp-container-core-group-is-layout-0ae5d4e4 wp-block-group-is-layout-constrained\" style=\"background-color:#ffffff;padding-top:var(--wp--preset--spacing--38);padding-bottom:var(--wp--preset--spacing--38)\">\n<div class=\"wp-block-columns is-layout-flex wp-container-core-columns-is-layout-28f84493 wp-block-columns-is-layout-flex\">\n<div class=\"wp-block-column is-vertically-aligned-center is-layout-flow wp-block-column-is-layout-flow\" style=\"flex-basis:50%\">\n<figure class=\"wp-block-image size-full is-resized has-custom-border\"><img decoding=\"async\" width=\"1536\" height=\"1024\" src=\"https:\/\/innome.de\/wp-content\/uploads\/2026\/03\/ChatGPT-Image-9-\u043c\u0430\u0440.-2026-\u0433.-16_44_14.png\" alt=\"\" class=\"wp-image-468\" style=\"border-top-left-radius:10px;border-top-right-radius:10px;border-bottom-left-radius:10px;border-bottom-right-radius:10px;width:800px\" srcset=\"https:\/\/innome.de\/wp-content\/uploads\/2026\/03\/ChatGPT-Image-9-\u043c\u0430\u0440.-2026-\u0433.-16_44_14.png 1536w, https:\/\/innome.de\/wp-content\/uploads\/2026\/03\/ChatGPT-Image-9-\u043c\u0430\u0440.-2026-\u0433.-16_44_14-300x200.png 300w, https:\/\/innome.de\/wp-content\/uploads\/2026\/03\/ChatGPT-Image-9-\u043c\u0430\u0440.-2026-\u0433.-16_44_14-1024x683.png 1024w, https:\/\/innome.de\/wp-content\/uploads\/2026\/03\/ChatGPT-Image-9-\u043c\u0430\u0440.-2026-\u0433.-16_44_14-768x512.png 768w\" sizes=\"(max-width: 1536px) 100vw, 1536px\" \/><\/figure>\n<\/div>\n\n\n\n<div class=\"wp-block-column is-vertically-aligned-center is-layout-flow wp-block-column-is-layout-flow\" style=\"flex-basis:50%\">\n<div class=\"wp-block-group has-global-padding is-content-justification-left is-layout-constrained wp-container-core-group-is-layout-d37358ce wp-block-group-is-layout-constrained\">\n<h2 class=\"wp-block-heading\">Von der Idee zum Produkt \u2013 mit Tech-Transfer-Expertise<\/h2>\n\n\n\n<p>Gemeinsam entwickeln wir ma\u00dfgeschneiderte L\u00f6sungen und begleiten Sie bei der \u00dcberf\u00fchrung innovativer Konzepte in zuverl\u00e4ssige und skalierbare Produkte.<\/p>\n\n\n\n<p>Unsere Erfahrung in Engineering, Entwicklung und Fertigung erm\u00f6glicht es uns, individuelle Anforderungen der Biotechnologie zuverl\u00e4ssig umzusetzen.<\/p>\n\n\n\n<div class=\"wp-block-buttons is-nowrap is-layout-flex wp-container-core-buttons-is-layout-6c531013 wp-block-buttons-is-layout-flex\">\n<div class=\"wp-block-button has-custom-width wp-block-button__width-50\"><a class=\"wp-block-button__link wp-element-button\" href=\"#contact\">Kontaktieren Sie uns<\/a><\/div>\n<\/div>\n<\/div>\n<\/div>\n<\/div>\n<\/div>\n\n\n\n<div class=\"wp-block-group alignwide has-global-padding is-layout-constrained wp-container-core-group-is-layout-a61a3a89 wp-block-group-is-layout-constrained\" style=\"border-style:none;border-width:0px;border-top-left-radius:9px;border-top-right-radius:9px;border-bottom-left-radius:9px;border-bottom-right-radius:9px\">\n<figure class=\"wp-block-video alignwide\"><video height=\"1080\" style=\"aspect-ratio: 1920 \/ 1080;\" width=\"1920\" autoplay loop muted src=\"https:\/\/innome.de\/wp-content\/uploads\/2026\/03\/ErwinQuarderHomepagev1.mp4\" playsinline><\/video><\/figure>\n<\/div>\n\n\n\n<div class=\"wp-block-group alignfull has-background has-global-padding is-layout-constrained wp-container-core-group-is-layout-0ae5d4e4 wp-block-group-is-layout-constrained\" style=\"background-color:#ffffff;padding-top:var(--wp--preset--spacing--38);padding-bottom:var(--wp--preset--spacing--38)\">\n<div class=\"wp-block-columns is-layout-flex wp-container-core-columns-is-layout-28f84493 wp-block-columns-is-layout-flex\">\n<div class=\"wp-block-column is-vertically-aligned-center is-layout-flow wp-block-column-is-layout-flow\" style=\"padding-left:var(--wp--preset--spacing--12);flex-basis:50%\">\n<div class=\"wp-block-group has-global-padding is-content-justification-left is-layout-constrained wp-container-core-group-is-layout-d37358ce wp-block-group-is-layout-constrained\">\n<h2 class=\"wp-block-heading\">Sensoren<\/h2>\n\n\n\n<p>Unsere Muttergesellschaft, die <a href=\"https:\/\/www.quarder.de\/produkte\/\" data-type=\"link\" data-id=\"https:\/\/www.quarder.de\/produkte\/\">Erwin Quarder Group<\/a>, ist ein etablierter Zulieferer f\u00fcr Kunststoff-Hybridkomponenten in der Automobilindustrie. Mit hohen Qualit\u00e4tsstandards und modernsten Produktionsprozessen ist sie auch ein idealer Partner f\u00fcr die Biotechnologiebranche.<\/p>\n\n\n\n<p>Sensoren liefern nicht nur zus\u00e4tzliche Daten, sondern helfen auch dabei, Ihre Zellkulturen zu \u00fcberwachen und fundierte Entscheidungen zu treffen. Dadurch sind Sensoren zu wichtigen Werkzeugen geworden, um Vitalit\u00e4t und weitere Parameter zuverl\u00e4ssig zu kontrollieren.<\/p>\n\n\n\n<p>Wenn Sie daran interessiert sind, Sensoren in Kunststoff-Verbrauchsmaterialien f\u00fcr die Zellkultur zu integrieren, sind wir der richtige Partner f\u00fcr die Definition der Anforderungen sowie f\u00fcr die Entwicklung und Produktion Ihrer Produkte.Sensoren<\/p>\n\n\n\n<div class=\"wp-block-buttons is-nowrap is-layout-flex wp-container-core-buttons-is-layout-6c531013 wp-block-buttons-is-layout-flex\">\n<div class=\"wp-block-button has-custom-width wp-block-button__width-50\"><a class=\"wp-block-button__link wp-element-button\" href=\"#contact\">Kontaktieren Sie uns<\/a><\/div>\n<\/div>\n<\/div>\n<\/div>\n\n\n\n<div class=\"wp-block-column is-vertically-aligned-center is-layout-flow wp-block-column-is-layout-flow\" style=\"padding-right:var(--wp--preset--spacing--12);flex-basis:50%\">\n<figure class=\"wp-block-image size-full has-custom-border\"><img loading=\"lazy\" decoding=\"async\" width=\"2048\" height=\"1365\" src=\"https:\/\/innome.de\/wp-content\/uploads\/2026\/03\/cdc-OZcQIhidMTw-unsplash.jpg\" alt=\"\" class=\"wp-image-445\" style=\"border-top-left-radius:10px;border-top-right-radius:10px;border-bottom-left-radius:10px;border-bottom-right-radius:10px\" srcset=\"https:\/\/innome.de\/wp-content\/uploads\/2026\/03\/cdc-OZcQIhidMTw-unsplash.jpg 2048w, https:\/\/innome.de\/wp-content\/uploads\/2026\/03\/cdc-OZcQIhidMTw-unsplash-300x200.jpg 300w, https:\/\/innome.de\/wp-content\/uploads\/2026\/03\/cdc-OZcQIhidMTw-unsplash-1024x683.jpg 1024w, https:\/\/innome.de\/wp-content\/uploads\/2026\/03\/cdc-OZcQIhidMTw-unsplash-768x512.jpg 768w, https:\/\/innome.de\/wp-content\/uploads\/2026\/03\/cdc-OZcQIhidMTw-unsplash-1536x1024.jpg 1536w\" sizes=\"(max-width: 2048px) 100vw, 2048px\" \/><\/figure>\n<\/div>\n<\/div>\n<\/div>\n","protected":false},"excerpt":{"rendered":"<p>OEM innoME ist Teil einer weltweit etablierten Unternehmensgruppe mit langj\u00e4hriger Erfahrung in der industriellen Fertigung. Unsere Wurzeln liegen in der Automobilindustrie, wo h\u00f6chste Qualit\u00e4tsstandards, Pr\u00e4zision und zuverl\u00e4ssige Produktionsprozesse seit Jahrzehnten den Ma\u00dfstab bilden. Mit diesem industriellen Know-how bringt innoME bew\u00e4hrte Engineering- und Produktionskompetenzen in die dynamische Welt der Biotechnologie ein. OEM-Kompetenzen Automotive-Grade Precision innoME baut [&hellip;]<\/p>\n","protected":false},"author":1,"featured_media":0,"parent":0,"menu_order":0,"comment_status":"closed","ping_status":"closed","template":"","meta":{"footnotes":""},"class_list":["post-430","page","type-page","status-publish","hentry"],"yoast_head":"<!-- This site is optimized with the Yoast SEO plugin v27.5 - https:\/\/yoast.com\/product\/yoast-seo-wordpress\/ -->\n<title>cmo-plastics - innome<\/title>\n<meta name=\"robots\" content=\"index, follow, max-snippet:-1, max-image-preview:large, max-video-preview:-1\" \/>\n<link rel=\"canonical\" href=\"https:\/\/innome.de\/de\/cmo-plastics\/\" \/>\n<meta property=\"og:locale\" content=\"de_DE\" \/>\n<meta property=\"og:type\" content=\"article\" \/>\n<meta property=\"og:title\" content=\"cmo-plastics - innome\" \/>\n<meta property=\"og:description\" content=\"OEM innoME ist Teil einer weltweit etablierten Unternehmensgruppe mit langj\u00e4hriger Erfahrung in der industriellen Fertigung. Unsere Wurzeln liegen in der Automobilindustrie, wo h\u00f6chste Qualit\u00e4tsstandards, Pr\u00e4zision und zuverl\u00e4ssige Produktionsprozesse seit Jahrzehnten den Ma\u00dfstab bilden. Mit diesem industriellen Know-how bringt innoME bew\u00e4hrte Engineering- und Produktionskompetenzen in die dynamische Welt der Biotechnologie ein. OEM-Kompetenzen Automotive-Grade Precision innoME baut [&hellip;]\" \/>\n<meta property=\"og:url\" content=\"https:\/\/innome.de\/de\/cmo-plastics\/\" \/>\n<meta property=\"og:site_name\" content=\"innome\" \/>\n<meta property=\"article:modified_time\" content=\"2026-03-14T19:22:05+00:00\" \/>\n<meta property=\"og:image\" content=\"https:\/\/innome.de\/wp-content\/uploads\/2026\/03\/Manu.jpg\" \/>\n\t<meta property=\"og:image:width\" content=\"1920\" \/>\n\t<meta property=\"og:image:height\" content=\"817\" \/>\n\t<meta property=\"og:image:type\" content=\"image\/jpeg\" \/>\n<meta name=\"twitter:card\" content=\"summary_large_image\" \/>\n<meta name=\"twitter:label1\" content=\"Gesch\u00e4tzte Lesezeit\" \/>\n\t<meta name=\"twitter:data1\" content=\"2\u00a0Minuten\" \/>\n<script type=\"application\/ld+json\" class=\"yoast-schema-graph\">{\"@context\":\"https:\\\/\\\/schema.org\",\"@graph\":[{\"@type\":\"WebPage\",\"@id\":\"https:\\\/\\\/innome.de\\\/cmo-plastics\\\/\",\"url\":\"https:\\\/\\\/innome.de\\\/cmo-plastics\\\/\",\"name\":\"cmo-plastics - innome\",\"isPartOf\":{\"@id\":\"https:\\\/\\\/innome.de\\\/#website\"},\"primaryImageOfPage\":{\"@id\":\"https:\\\/\\\/innome.de\\\/cmo-plastics\\\/#primaryimage\"},\"image\":{\"@id\":\"https:\\\/\\\/innome.de\\\/cmo-plastics\\\/#primaryimage\"},\"thumbnailUrl\":\"https:\\\/\\\/innome.de\\\/wp-content\\\/uploads\\\/2026\\\/03\\\/Manu-1024x436.jpg\",\"datePublished\":\"2026-03-06T12:08:12+00:00\",\"dateModified\":\"2026-03-14T19:22:05+00:00\",\"breadcrumb\":{\"@id\":\"https:\\\/\\\/innome.de\\\/cmo-plastics\\\/#breadcrumb\"},\"inLanguage\":\"de\",\"potentialAction\":[{\"@type\":\"ReadAction\",\"target\":[\"https:\\\/\\\/innome.de\\\/cmo-plastics\\\/\"]}]},{\"@type\":\"ImageObject\",\"inLanguage\":\"de\",\"@id\":\"https:\\\/\\\/innome.de\\\/cmo-plastics\\\/#primaryimage\",\"url\":\"https:\\\/\\\/innome.de\\\/wp-content\\\/uploads\\\/2026\\\/03\\\/Manu-1024x436.jpg\",\"contentUrl\":\"https:\\\/\\\/innome.de\\\/wp-content\\\/uploads\\\/2026\\\/03\\\/Manu-1024x436.jpg\"},{\"@type\":\"BreadcrumbList\",\"@id\":\"https:\\\/\\\/innome.de\\\/cmo-plastics\\\/#breadcrumb\",\"itemListElement\":[{\"@type\":\"ListItem\",\"position\":1,\"name\":\"Home\",\"item\":\"https:\\\/\\\/innome.de\\\/\"},{\"@type\":\"ListItem\",\"position\":2,\"name\":\"cmo-plastics\"}]},{\"@type\":\"WebSite\",\"@id\":\"https:\\\/\\\/innome.de\\\/#website\",\"url\":\"https:\\\/\\\/innome.de\\\/\",\"name\":\"innome\",\"description\":\"Lab consumable and live cell imaging supplier\",\"publisher\":{\"@id\":\"https:\\\/\\\/innome.de\\\/#organization\"},\"potentialAction\":[{\"@type\":\"SearchAction\",\"target\":{\"@type\":\"EntryPoint\",\"urlTemplate\":\"https:\\\/\\\/innome.de\\\/?s={search_term_string}\"},\"query-input\":{\"@type\":\"PropertyValueSpecification\",\"valueRequired\":true,\"valueName\":\"search_term_string\"}}],\"inLanguage\":\"de\"},{\"@type\":\"Organization\",\"@id\":\"https:\\\/\\\/innome.de\\\/#organization\",\"name\":\"innome\",\"url\":\"https:\\\/\\\/innome.de\\\/\",\"logo\":{\"@type\":\"ImageObject\",\"inLanguage\":\"de\",\"@id\":\"https:\\\/\\\/innome.de\\\/#\\\/schema\\\/logo\\\/image\\\/\",\"url\":\"https:\\\/\\\/innome.de\\\/wp-content\\\/uploads\\\/2026\\\/02\\\/innoMEPNG.png\",\"contentUrl\":\"https:\\\/\\\/innome.de\\\/wp-content\\\/uploads\\\/2026\\\/02\\\/innoMEPNG.png\",\"width\":125,\"height\":26,\"caption\":\"innome\"},\"image\":{\"@id\":\"https:\\\/\\\/innome.de\\\/#\\\/schema\\\/logo\\\/image\\\/\"}}]}<\/script>\n<!-- \/ Yoast SEO plugin. -->","yoast_head_json":{"title":"cmo-plastics - innome","robots":{"index":"index","follow":"follow","max-snippet":"max-snippet:-1","max-image-preview":"max-image-preview:large","max-video-preview":"max-video-preview:-1"},"canonical":"https:\/\/innome.de\/de\/cmo-plastics\/","og_locale":"de_DE","og_type":"article","og_title":"cmo-plastics - innome","og_description":"OEM innoME ist Teil einer weltweit etablierten Unternehmensgruppe mit langj\u00e4hriger Erfahrung in der industriellen Fertigung. Unsere Wurzeln liegen in der Automobilindustrie, wo h\u00f6chste Qualit\u00e4tsstandards, Pr\u00e4zision und zuverl\u00e4ssige Produktionsprozesse seit Jahrzehnten den Ma\u00dfstab bilden. Mit diesem industriellen Know-how bringt innoME bew\u00e4hrte Engineering- und Produktionskompetenzen in die dynamische Welt der Biotechnologie ein. OEM-Kompetenzen Automotive-Grade Precision innoME baut [&hellip;]","og_url":"https:\/\/innome.de\/de\/cmo-plastics\/","og_site_name":"innome","article_modified_time":"2026-03-14T19:22:05+00:00","og_image":[{"width":1920,"height":817,"url":"https:\/\/innome.de\/wp-content\/uploads\/2026\/03\/Manu.jpg","type":"image\/jpeg"}],"twitter_card":"summary_large_image","twitter_misc":{"Gesch\u00e4tzte Lesezeit":"2\u00a0Minuten"},"schema":{"@context":"https:\/\/schema.org","@graph":[{"@type":"WebPage","@id":"https:\/\/innome.de\/cmo-plastics\/","url":"https:\/\/innome.de\/cmo-plastics\/","name":"cmo-plastics - innome","isPartOf":{"@id":"https:\/\/innome.de\/#website"},"primaryImageOfPage":{"@id":"https:\/\/innome.de\/cmo-plastics\/#primaryimage"},"image":{"@id":"https:\/\/innome.de\/cmo-plastics\/#primaryimage"},"thumbnailUrl":"https:\/\/innome.de\/wp-content\/uploads\/2026\/03\/Manu-1024x436.jpg","datePublished":"2026-03-06T12:08:12+00:00","dateModified":"2026-03-14T19:22:05+00:00","breadcrumb":{"@id":"https:\/\/innome.de\/cmo-plastics\/#breadcrumb"},"inLanguage":"de","potentialAction":[{"@type":"ReadAction","target":["https:\/\/innome.de\/cmo-plastics\/"]}]},{"@type":"ImageObject","inLanguage":"de","@id":"https:\/\/innome.de\/cmo-plastics\/#primaryimage","url":"https:\/\/innome.de\/wp-content\/uploads\/2026\/03\/Manu-1024x436.jpg","contentUrl":"https:\/\/innome.de\/wp-content\/uploads\/2026\/03\/Manu-1024x436.jpg"},{"@type":"BreadcrumbList","@id":"https:\/\/innome.de\/cmo-plastics\/#breadcrumb","itemListElement":[{"@type":"ListItem","position":1,"name":"Home","item":"https:\/\/innome.de\/"},{"@type":"ListItem","position":2,"name":"cmo-plastics"}]},{"@type":"WebSite","@id":"https:\/\/innome.de\/#website","url":"https:\/\/innome.de\/","name":"innome","description":"Lab consumable and live cell imaging supplier","publisher":{"@id":"https:\/\/innome.de\/#organization"},"potentialAction":[{"@type":"SearchAction","target":{"@type":"EntryPoint","urlTemplate":"https:\/\/innome.de\/?s={search_term_string}"},"query-input":{"@type":"PropertyValueSpecification","valueRequired":true,"valueName":"search_term_string"}}],"inLanguage":"de"},{"@type":"Organization","@id":"https:\/\/innome.de\/#organization","name":"innome","url":"https:\/\/innome.de\/","logo":{"@type":"ImageObject","inLanguage":"de","@id":"https:\/\/innome.de\/#\/schema\/logo\/image\/","url":"https:\/\/innome.de\/wp-content\/uploads\/2026\/02\/innoMEPNG.png","contentUrl":"https:\/\/innome.de\/wp-content\/uploads\/2026\/02\/innoMEPNG.png","width":125,"height":26,"caption":"innome"},"image":{"@id":"https:\/\/innome.de\/#\/schema\/logo\/image\/"}}]}},"_links":{"self":[{"href":"https:\/\/innome.de\/de\/wp-json\/wp\/v2\/pages\/430","targetHints":{"allow":["GET"]}}],"collection":[{"href":"https:\/\/innome.de\/de\/wp-json\/wp\/v2\/pages"}],"about":[{"href":"https:\/\/innome.de\/de\/wp-json\/wp\/v2\/types\/page"}],"author":[{"embeddable":true,"href":"https:\/\/innome.de\/de\/wp-json\/wp\/v2\/users\/1"}],"replies":[{"embeddable":true,"href":"https:\/\/innome.de\/de\/wp-json\/wp\/v2\/comments?post=430"}],"version-history":[{"count":31,"href":"https:\/\/innome.de\/de\/wp-json\/wp\/v2\/pages\/430\/revisions"}],"predecessor-version":[{"id":592,"href":"https:\/\/innome.de\/de\/wp-json\/wp\/v2\/pages\/430\/revisions\/592"}],"wp:attachment":[{"href":"https:\/\/innome.de\/de\/wp-json\/wp\/v2\/media?parent=430"}],"curies":[{"name":"wp","href":"https:\/\/api.w.org\/{rel}","templated":true}]}}