{"id":794,"date":"2026-03-16T06:33:12","date_gmt":"2026-03-16T06:33:12","guid":{"rendered":"https:\/\/innome.de\/?page_id=794"},"modified":"2026-03-16T07:09:20","modified_gmt":"2026-03-16T07:09:20","slug":"scratch-maker","status":"publish","type":"page","link":"https:\/\/innome.de\/de\/scratch-maker\/","title":{"rendered":"scratch-maker"},"content":{"rendered":"\n<div class=\"wp-block-group alignwide has-global-padding is-layout-constrained wp-container-core-group-is-layout-01dbbd03 wp-block-group-is-layout-constrained\" style=\"padding-top:var(--wp--preset--spacing--20);padding-bottom:var(--wp--preset--spacing--20)\">\n<h2 class=\"wp-block-heading has-text-align-center has-primary-color has-text-color has-link-color has-xx-large-font-size wp-elements-7341f01a2ce3b869690cfb3e9a4f8d70\">End-to-End-L\u00f6sung f\u00fcr Migrationsassays<\/h2>\n<\/div>\n\n\n\n<div class=\"wp-block-group alignfull has-global-padding is-content-justification-center is-layout-constrained wp-container-core-group-is-layout-68357ad6 wp-block-group-is-layout-constrained\" style=\"margin-top:var(--wp--preset--spacing--28);margin-bottom:var(--wp--preset--spacing--28)\">\n<div class=\"wp-block-columns is-layout-flex wp-container-core-columns-is-layout-28f84493 wp-block-columns-is-layout-flex\">\n<div class=\"wp-block-column is-layout-flow wp-block-column-is-layout-flow\" style=\"flex-basis:100%\">\n<div class=\"wp-block-group has-global-padding is-content-justification-center is-layout-constrained wp-block-group-is-layout-constrained\">\n<h2 class=\"wp-block-heading has-text-align-left\">Scratch Maker<\/h2>\n\n\n\n<p class=\"has-text-align-left\">Wir pr\u00e4sentieren ein revolution\u00e4res Konzept f\u00fcr reproduzierbares Scratch-Making durch den innovativen Einsatz von Lichtenergie. Diese bahnbrechende Technik nutzt die M\u00f6glichkeiten moderner photonischer Technologien, um pr\u00e4zise und konsistente \u201eScratches\u201c auf verschiedenen Oberfl\u00e4chen zu erzeugen. Dadurch er\u00f6ffnen sich neue M\u00f6glichkeiten f\u00fcr Anwendungen in der Zellkultur, insbesondere bei Migrations-, Wound-Healing- und Scratch-Assays.<\/p>\n\n\n\n<p class=\"has-text-align-left\">Durch den Einsatz von Licht als Werkzeug erreichen wir eine bislang unerreichte Genauigkeit und Effizienz. Diese Methode stellt somit einen echten Fortschritt f\u00fcr Forschungsprozesse dar. Entdecken Sie die Zukunft des Scratch-Making \u2013 dort, wo Pr\u00e4zision auf Innovation trifft, angetrieben durch Licht.<\/p>\n<\/div>\n<\/div>\n\n\n\n<div class=\"wp-block-column is-vertically-aligned-center is-layout-flow wp-block-column-is-layout-flow\" style=\"flex-basis:100%\">\n<figure class=\"wp-block-image aligncenter size-full has-custom-border\"><img fetchpriority=\"high\" decoding=\"async\" width=\"976\" height=\"676\" src=\"https:\/\/innome.de\/wp-content\/uploads\/2026\/03\/Microscope.537-61BikJuMJEoKa6AGpwjvAA.jpg\" alt=\"\" class=\"wp-image-795\" style=\"border-top-left-radius:10px;border-top-right-radius:10px;border-bottom-left-radius:10px;border-bottom-right-radius:10px;object-fit:cover\" srcset=\"https:\/\/innome.de\/wp-content\/uploads\/2026\/03\/Microscope.537-61BikJuMJEoKa6AGpwjvAA.jpg 976w, https:\/\/innome.de\/wp-content\/uploads\/2026\/03\/Microscope.537-61BikJuMJEoKa6AGpwjvAA-300x208.jpg 300w, https:\/\/innome.de\/wp-content\/uploads\/2026\/03\/Microscope.537-61BikJuMJEoKa6AGpwjvAA-768x532.jpg 768w\" sizes=\"(max-width: 976px) 100vw, 976px\" \/><\/figure>\n<\/div>\n<\/div>\n<\/div>\n\n\n\n<div class=\"wp-block-group alignwide has-global-padding is-layout-constrained wp-container-core-group-is-layout-a61a3a89 wp-block-group-is-layout-constrained\">\n<h2 class=\"wp-block-heading\">\u00dcbersicht der End-to-End-L\u00f6sung<\/h2>\n\n\n\n<div class=\"wp-block-group is-layout-grid wp-container-core-group-is-layout-988b637e wp-block-group-is-layout-grid\">\n<div class=\"wp-block-group has-global-padding is-layout-constrained wp-container-core-group-is-layout-970902ed wp-block-group-is-layout-constrained\" style=\"padding-right:var(--wp--preset--spacing--10);padding-left:var(--wp--preset--spacing--10)\">\n<figure class=\"wp-block-image aligncenter size-full is-resized has-custom-border\"><img decoding=\"async\" width=\"292\" height=\"292\" src=\"https:\/\/innome.de\/wp-content\/uploads\/2026\/03\/consumables_edge-124.png\" alt=\"\" class=\"wp-image-808\" style=\"border-top-left-radius:10px;border-top-right-radius:10px;border-bottom-left-radius:10px;border-bottom-right-radius:10px;object-fit:cover;width:300px;height:300px\" srcset=\"https:\/\/innome.de\/wp-content\/uploads\/2026\/03\/consumables_edge-124.png 292w, https:\/\/innome.de\/wp-content\/uploads\/2026\/03\/consumables_edge-124-150x150.png 150w\" sizes=\"(max-width: 292px) 100vw, 292px\" \/><\/figure>\n\n\n\n<h2 class=\"wp-block-heading has-text-align-left has-small-font-size\">Coated Plates<\/h2>\n\n\n\n<p>Glasbodenplatten mit einer speziell entwickelten Beschichtung, die f\u00fcr Migrationsassays optimiert ist und durch fortschrittliche Scratch-Making-Technologie erg\u00e4nzt wird.<\/p>\n<\/div>\n\n\n\n<div class=\"wp-block-group has-global-padding is-layout-constrained wp-container-core-group-is-layout-970902ed wp-block-group-is-layout-constrained\" style=\"padding-right:var(--wp--preset--spacing--10);padding-left:var(--wp--preset--spacing--10)\">\n<figure class=\"wp-block-image aligncenter size-full is-resized has-custom-border\"><img decoding=\"async\" width=\"582\" height=\"582\" src=\"https:\/\/innome.de\/wp-content\/uploads\/2026\/03\/426274.jpg\" alt=\"\" class=\"wp-image-819\" style=\"border-top-left-radius:10px;border-top-right-radius:10px;border-bottom-left-radius:10px;border-bottom-right-radius:10px;object-fit:cover;width:300px;height:300px\" srcset=\"https:\/\/innome.de\/wp-content\/uploads\/2026\/03\/426274.jpg 582w, https:\/\/innome.de\/wp-content\/uploads\/2026\/03\/426274-300x300.jpg 300w, https:\/\/innome.de\/wp-content\/uploads\/2026\/03\/426274-150x150.jpg 150w\" sizes=\"(max-width: 582px) 100vw, 582px\" \/><\/figure>\n\n\n\n<h2 class=\"wp-block-heading has-text-align-left has-small-font-size\">Scratch Maker<\/h2>\n\n\n\n<p>Unser speziell entwickelter Scratch Maker nutzt Lichtenergie, um automatisch einen konsistenten Scratch stets an derselben Position zu erzeugen. Der gesamte Prozess dauert nur 60 Sekunden und ist optimal f\u00fcr Migrationsassays geeignet.<\/p>\n<\/div>\n\n\n\n<div class=\"wp-block-group has-global-padding is-layout-constrained wp-container-core-group-is-layout-970902ed wp-block-group-is-layout-constrained\" style=\"padding-right:var(--wp--preset--spacing--10);padding-left:var(--wp--preset--spacing--10)\">\n<figure class=\"wp-block-image aligncenter size-full is-resized has-custom-border\"><img loading=\"lazy\" decoding=\"async\" width=\"576\" height=\"576\" src=\"https:\/\/innome.de\/wp-content\/uploads\/2026\/03\/owlstudioaufnahme-41.png\" alt=\"\" class=\"wp-image-820\" style=\"border-top-left-radius:10px;border-top-right-radius:10px;border-bottom-left-radius:10px;border-bottom-right-radius:10px;object-fit:cover;width:300px;height:300px\" srcset=\"https:\/\/innome.de\/wp-content\/uploads\/2026\/03\/owlstudioaufnahme-41.png 576w, https:\/\/innome.de\/wp-content\/uploads\/2026\/03\/owlstudioaufnahme-41-300x300.png 300w, https:\/\/innome.de\/wp-content\/uploads\/2026\/03\/owlstudioaufnahme-41-150x150.png 150w\" sizes=\"(max-width: 576px) 100vw, 576px\" \/><\/figure>\n\n\n\n<h2 class=\"wp-block-heading has-text-align-left has-small-font-size\">zenCELL OWL<\/h2>\n\n\n\n<p>Optimierte L\u00f6sung zur \u00dcberwachung von bis zu 24 Scratch-Assays. Mit unserem Live-Cell-Imager zenCELL OWL k\u00f6nnen Migrationsassays kontinuierlich an einer festen Position \u00fcberwacht werden \u2013 sowohl f\u00fcr kurz- als auch f\u00fcr langfristige Experimente \u2013 direkt in jedem einzelnen Inkubator.<\/p>\n<\/div>\n<\/div>\n<\/div>\n\n\n\n<div class=\"wp-block-group alignwide has-global-padding is-layout-constrained wp-container-core-group-is-layout-a61a3a89 wp-block-group-is-layout-constrained\">\n<section class=\"sb-history\" aria-labelledby=\"sb-history-title\"> \n  <div class=\"sb-history__container\">\n\n    <header class=\"sb-history__heading\">\n      <h2 id=\"sb-history-title\" class=\"sb-history__title\">Process of Migration Assay<\/h2>\n      <p class=\"sb-history__subtitle\">Workflow f\u00fcr reproduzierbare Migrationsassays<\/p>\n    <\/header>\n\n    <div class=\"sb-history__timeline\">\n\n      <article class=\"sb-history__item\">\n        <div class=\"sb-history__marker\" aria-hidden=\"true\"><\/div>\n        <div class=\"sb-history__card\">\n          <div class=\"sb-history__year\">Cultivation Cells<\/div>\n          <p class=\"sb-history__text\">\n            Kultivieren Sie Ihre Zellen auf unseren beschichteten Platten mit Ihrem standardisierten Workflow.\n          <\/p>\n        <\/div>\n      <\/article>\n\n      <article class=\"sb-history__item\">\n        <div class=\"sb-history__marker\" aria-hidden=\"true\"><\/div>\n        <div class=\"sb-history__card\">\n          <div class=\"sb-history__year\">Scratch Creation<\/div>\n          <p class=\"sb-history__text\">\n            Platzieren Sie Ihre Platte auf dem Scratch Maker und positionieren Sie die Maske darunter. \n            Starten Sie anschlie\u00dfend den Prozess per Knopfdruck oder \u00fcber die zenCELL OWL Software \u2013 \n            der Scratch wird automatisch in nur 60 Sekunden erzeugt.\n          <\/p>\n        <\/div>\n      <\/article>\n\n      <article class=\"sb-history__item\">\n        <div class=\"sb-history__marker\" aria-hidden=\"true\"><\/div>\n        <div class=\"sb-history__card\">\n          <div class=\"sb-history__year\">Live View<\/div>\n          <p class=\"sb-history__text\">\n            Platzieren Sie die Platte mit dem Scratch unter dem zenCELL OWL (oder einem anderen Mikroskop) \n            und starten Sie den Workflow. Mit dem zenCELL OWL k\u00f6nnen Sie die Migration direkt im Inkubator \n            kontinuierlich \u00fcberwachen \u2013 sowohl f\u00fcr kurz- als auch langfristige Experimente.\n          <\/p>\n        <\/div>\n      <\/article>\n\n      <article class=\"sb-history__item\">\n        <div class=\"sb-history__marker\" aria-hidden=\"true\"><\/div>\n        <div class=\"sb-history__card\">\n          <div class=\"sb-history__year\">Results<\/div>\n          <p class=\"sb-history__text\">\n            Die zenCELL OWL Software analysiert Ihre Ergebnisse in weniger als 20 Sekunden nach der \n            Aufnahme eines vollst\u00e4ndigen Bildes aller 24 Wells. Mit Overview-, Live-View- und \n            automatisierten Zellalgorithmen k\u00f6nnen Migrationsassays effizient ausgewertet werden.\n          <\/p>\n        <\/div>\n      <\/article>\n\n    <\/div>\n  <\/div>\n<\/section>\n<\/div>\n\n\n\n<div class=\"wp-block-group alignwide is-layout-flow wp-block-group-is-layout-flow\">\n<h2 class=\"wp-block-heading\">\u00dcberwachung der Zellmigration<\/h2>\n\n\n\n<figure class=\"wp-block-image size-full\"><img loading=\"lazy\" decoding=\"async\" width=\"2048\" height=\"351\" src=\"https:\/\/innome.de\/wp-content\/uploads\/2026\/03\/CCM-1.jpg\" alt=\"\" class=\"wp-image-824\" srcset=\"https:\/\/innome.de\/wp-content\/uploads\/2026\/03\/CCM-1.jpg 2048w, https:\/\/innome.de\/wp-content\/uploads\/2026\/03\/CCM-1-300x51.jpg 300w, https:\/\/innome.de\/wp-content\/uploads\/2026\/03\/CCM-1-1024x176.jpg 1024w, https:\/\/innome.de\/wp-content\/uploads\/2026\/03\/CCM-1-768x132.jpg 768w, https:\/\/innome.de\/wp-content\/uploads\/2026\/03\/CCM-1-1536x263.jpg 1536w\" sizes=\"(max-width: 2048px) 100vw, 2048px\" \/><\/figure>\n<\/div>\n\n\n\n<div class=\"wp-block-group alignfull has-background is-layout-flow wp-block-group-is-layout-flow\" style=\"background-color:#31c1ff;margin-top:var(--wp--preset--spacing--38);margin-bottom:var(--wp--preset--spacing--38);padding-top:var(--wp--preset--spacing--38);padding-bottom:var(--wp--preset--spacing--38)\">\n<h2 class=\"wp-block-heading has-text-align-center has-light-color has-text-color has-link-color wp-elements-af5cb7d4f515e8b7b870b76feb179924\">Kontaktieren Sie uns f\u00fcr eine Testphase oder eine Produktdemonstration.<\/h2>\n\n\n\n<div class=\"wp-block-buttons is-content-justification-center is-layout-flex wp-container-core-buttons-is-layout-a89b3969 wp-block-buttons-is-layout-flex\">\n<div class=\"wp-block-button has-custom-width wp-block-button__width-25\"><a class=\"wp-block-button__link has-petite-font-size has-custom-font-size wp-element-button\" href=\"#contact\" style=\"border-top-left-radius:50px;border-top-right-radius:50px;border-bottom-left-radius:50px;border-bottom-right-radius:50px\">Kontakt<\/a><\/div>\n<\/div>\n<\/div>\n","protected":false},"excerpt":{"rendered":"<p>End-to-End-L\u00f6sung f\u00fcr Migrationsassays Scratch Maker Wir pr\u00e4sentieren ein revolution\u00e4res Konzept f\u00fcr reproduzierbares Scratch-Making durch den innovativen Einsatz von Lichtenergie. Diese bahnbrechende Technik nutzt die M\u00f6glichkeiten moderner photonischer Technologien, um pr\u00e4zise und konsistente \u201eScratches\u201c auf verschiedenen Oberfl\u00e4chen zu erzeugen. Dadurch er\u00f6ffnen sich neue M\u00f6glichkeiten f\u00fcr Anwendungen in der Zellkultur, insbesondere bei Migrations-, Wound-Healing- und Scratch-Assays. Durch [&hellip;]<\/p>\n","protected":false},"author":1,"featured_media":0,"parent":0,"menu_order":0,"comment_status":"closed","ping_status":"closed","template":"","meta":{"footnotes":""},"class_list":["post-794","page","type-page","status-publish","hentry"],"yoast_head":"<!-- This site is optimized with the Yoast SEO plugin v27.5 - https:\/\/yoast.com\/product\/yoast-seo-wordpress\/ -->\n<title>scratch-maker - innome<\/title>\n<meta name=\"robots\" content=\"index, follow, max-snippet:-1, max-image-preview:large, max-video-preview:-1\" \/>\n<link rel=\"canonical\" href=\"https:\/\/innome.de\/de\/scratch-maker\/\" \/>\n<meta property=\"og:locale\" content=\"de_DE\" \/>\n<meta property=\"og:type\" content=\"article\" \/>\n<meta property=\"og:title\" content=\"scratch-maker - innome\" \/>\n<meta property=\"og:description\" content=\"End-to-End-L\u00f6sung f\u00fcr Migrationsassays Scratch Maker Wir pr\u00e4sentieren ein revolution\u00e4res Konzept f\u00fcr reproduzierbares Scratch-Making durch den innovativen Einsatz von Lichtenergie. Diese bahnbrechende Technik nutzt die M\u00f6glichkeiten moderner photonischer Technologien, um pr\u00e4zise und konsistente \u201eScratches\u201c auf verschiedenen Oberfl\u00e4chen zu erzeugen. Dadurch er\u00f6ffnen sich neue M\u00f6glichkeiten f\u00fcr Anwendungen in der Zellkultur, insbesondere bei Migrations-, Wound-Healing- und Scratch-Assays. Durch [&hellip;]\" \/>\n<meta property=\"og:url\" content=\"https:\/\/innome.de\/de\/scratch-maker\/\" \/>\n<meta property=\"og:site_name\" content=\"innome\" \/>\n<meta property=\"article:modified_time\" content=\"2026-03-16T07:09:20+00:00\" \/>\n<meta property=\"og:image\" content=\"https:\/\/innome.de\/wp-content\/uploads\/2026\/03\/Microscope.537-61BikJuMJEoKa6AGpwjvAA.jpg\" \/>\n\t<meta property=\"og:image:width\" content=\"976\" \/>\n\t<meta property=\"og:image:height\" content=\"676\" \/>\n\t<meta property=\"og:image:type\" content=\"image\/jpeg\" \/>\n<meta name=\"twitter:card\" content=\"summary_large_image\" \/>\n<meta name=\"twitter:label1\" content=\"Gesch\u00e4tzte Lesezeit\" \/>\n\t<meta name=\"twitter:data1\" content=\"2\u00a0Minuten\" \/>\n<script type=\"application\/ld+json\" class=\"yoast-schema-graph\">{\"@context\":\"https:\\\/\\\/schema.org\",\"@graph\":[{\"@type\":\"WebPage\",\"@id\":\"https:\\\/\\\/innome.de\\\/scratch-maker\\\/\",\"url\":\"https:\\\/\\\/innome.de\\\/scratch-maker\\\/\",\"name\":\"scratch-maker - innome\",\"isPartOf\":{\"@id\":\"https:\\\/\\\/innome.de\\\/#website\"},\"primaryImageOfPage\":{\"@id\":\"https:\\\/\\\/innome.de\\\/scratch-maker\\\/#primaryimage\"},\"image\":{\"@id\":\"https:\\\/\\\/innome.de\\\/scratch-maker\\\/#primaryimage\"},\"thumbnailUrl\":\"https:\\\/\\\/innome.de\\\/wp-content\\\/uploads\\\/2026\\\/03\\\/Microscope.537-61BikJuMJEoKa6AGpwjvAA.jpg\",\"datePublished\":\"2026-03-16T06:33:12+00:00\",\"dateModified\":\"2026-03-16T07:09:20+00:00\",\"breadcrumb\":{\"@id\":\"https:\\\/\\\/innome.de\\\/scratch-maker\\\/#breadcrumb\"},\"inLanguage\":\"de\",\"potentialAction\":[{\"@type\":\"ReadAction\",\"target\":[\"https:\\\/\\\/innome.de\\\/scratch-maker\\\/\"]}]},{\"@type\":\"ImageObject\",\"inLanguage\":\"de\",\"@id\":\"https:\\\/\\\/innome.de\\\/scratch-maker\\\/#primaryimage\",\"url\":\"https:\\\/\\\/innome.de\\\/wp-content\\\/uploads\\\/2026\\\/03\\\/Microscope.537-61BikJuMJEoKa6AGpwjvAA.jpg\",\"contentUrl\":\"https:\\\/\\\/innome.de\\\/wp-content\\\/uploads\\\/2026\\\/03\\\/Microscope.537-61BikJuMJEoKa6AGpwjvAA.jpg\"},{\"@type\":\"BreadcrumbList\",\"@id\":\"https:\\\/\\\/innome.de\\\/scratch-maker\\\/#breadcrumb\",\"itemListElement\":[{\"@type\":\"ListItem\",\"position\":1,\"name\":\"Home\",\"item\":\"https:\\\/\\\/innome.de\\\/\"},{\"@type\":\"ListItem\",\"position\":2,\"name\":\"scratch-maker\"}]},{\"@type\":\"WebSite\",\"@id\":\"https:\\\/\\\/innome.de\\\/#website\",\"url\":\"https:\\\/\\\/innome.de\\\/\",\"name\":\"innome\",\"description\":\"Lab consumable and live cell imaging supplier\",\"publisher\":{\"@id\":\"https:\\\/\\\/innome.de\\\/#organization\"},\"potentialAction\":[{\"@type\":\"SearchAction\",\"target\":{\"@type\":\"EntryPoint\",\"urlTemplate\":\"https:\\\/\\\/innome.de\\\/?s={search_term_string}\"},\"query-input\":{\"@type\":\"PropertyValueSpecification\",\"valueRequired\":true,\"valueName\":\"search_term_string\"}}],\"inLanguage\":\"de\"},{\"@type\":\"Organization\",\"@id\":\"https:\\\/\\\/innome.de\\\/#organization\",\"name\":\"innome\",\"url\":\"https:\\\/\\\/innome.de\\\/\",\"logo\":{\"@type\":\"ImageObject\",\"inLanguage\":\"de\",\"@id\":\"https:\\\/\\\/innome.de\\\/#\\\/schema\\\/logo\\\/image\\\/\",\"url\":\"https:\\\/\\\/innome.de\\\/wp-content\\\/uploads\\\/2026\\\/02\\\/innoMEPNG.png\",\"contentUrl\":\"https:\\\/\\\/innome.de\\\/wp-content\\\/uploads\\\/2026\\\/02\\\/innoMEPNG.png\",\"width\":125,\"height\":26,\"caption\":\"innome\"},\"image\":{\"@id\":\"https:\\\/\\\/innome.de\\\/#\\\/schema\\\/logo\\\/image\\\/\"}}]}<\/script>\n<!-- \/ Yoast SEO plugin. -->","yoast_head_json":{"title":"scratch-maker - innome","robots":{"index":"index","follow":"follow","max-snippet":"max-snippet:-1","max-image-preview":"max-image-preview:large","max-video-preview":"max-video-preview:-1"},"canonical":"https:\/\/innome.de\/de\/scratch-maker\/","og_locale":"de_DE","og_type":"article","og_title":"scratch-maker - innome","og_description":"End-to-End-L\u00f6sung f\u00fcr Migrationsassays Scratch Maker Wir pr\u00e4sentieren ein revolution\u00e4res Konzept f\u00fcr reproduzierbares Scratch-Making durch den innovativen Einsatz von Lichtenergie. Diese bahnbrechende Technik nutzt die M\u00f6glichkeiten moderner photonischer Technologien, um pr\u00e4zise und konsistente \u201eScratches\u201c auf verschiedenen Oberfl\u00e4chen zu erzeugen. Dadurch er\u00f6ffnen sich neue M\u00f6glichkeiten f\u00fcr Anwendungen in der Zellkultur, insbesondere bei Migrations-, Wound-Healing- und Scratch-Assays. Durch [&hellip;]","og_url":"https:\/\/innome.de\/de\/scratch-maker\/","og_site_name":"innome","article_modified_time":"2026-03-16T07:09:20+00:00","og_image":[{"width":976,"height":676,"url":"https:\/\/innome.de\/wp-content\/uploads\/2026\/03\/Microscope.537-61BikJuMJEoKa6AGpwjvAA.jpg","type":"image\/jpeg"}],"twitter_card":"summary_large_image","twitter_misc":{"Gesch\u00e4tzte Lesezeit":"2\u00a0Minuten"},"schema":{"@context":"https:\/\/schema.org","@graph":[{"@type":"WebPage","@id":"https:\/\/innome.de\/scratch-maker\/","url":"https:\/\/innome.de\/scratch-maker\/","name":"scratch-maker - innome","isPartOf":{"@id":"https:\/\/innome.de\/#website"},"primaryImageOfPage":{"@id":"https:\/\/innome.de\/scratch-maker\/#primaryimage"},"image":{"@id":"https:\/\/innome.de\/scratch-maker\/#primaryimage"},"thumbnailUrl":"https:\/\/innome.de\/wp-content\/uploads\/2026\/03\/Microscope.537-61BikJuMJEoKa6AGpwjvAA.jpg","datePublished":"2026-03-16T06:33:12+00:00","dateModified":"2026-03-16T07:09:20+00:00","breadcrumb":{"@id":"https:\/\/innome.de\/scratch-maker\/#breadcrumb"},"inLanguage":"de","potentialAction":[{"@type":"ReadAction","target":["https:\/\/innome.de\/scratch-maker\/"]}]},{"@type":"ImageObject","inLanguage":"de","@id":"https:\/\/innome.de\/scratch-maker\/#primaryimage","url":"https:\/\/innome.de\/wp-content\/uploads\/2026\/03\/Microscope.537-61BikJuMJEoKa6AGpwjvAA.jpg","contentUrl":"https:\/\/innome.de\/wp-content\/uploads\/2026\/03\/Microscope.537-61BikJuMJEoKa6AGpwjvAA.jpg"},{"@type":"BreadcrumbList","@id":"https:\/\/innome.de\/scratch-maker\/#breadcrumb","itemListElement":[{"@type":"ListItem","position":1,"name":"Home","item":"https:\/\/innome.de\/"},{"@type":"ListItem","position":2,"name":"scratch-maker"}]},{"@type":"WebSite","@id":"https:\/\/innome.de\/#website","url":"https:\/\/innome.de\/","name":"innome","description":"Lab consumable and live cell imaging supplier","publisher":{"@id":"https:\/\/innome.de\/#organization"},"potentialAction":[{"@type":"SearchAction","target":{"@type":"EntryPoint","urlTemplate":"https:\/\/innome.de\/?s={search_term_string}"},"query-input":{"@type":"PropertyValueSpecification","valueRequired":true,"valueName":"search_term_string"}}],"inLanguage":"de"},{"@type":"Organization","@id":"https:\/\/innome.de\/#organization","name":"innome","url":"https:\/\/innome.de\/","logo":{"@type":"ImageObject","inLanguage":"de","@id":"https:\/\/innome.de\/#\/schema\/logo\/image\/","url":"https:\/\/innome.de\/wp-content\/uploads\/2026\/02\/innoMEPNG.png","contentUrl":"https:\/\/innome.de\/wp-content\/uploads\/2026\/02\/innoMEPNG.png","width":125,"height":26,"caption":"innome"},"image":{"@id":"https:\/\/innome.de\/#\/schema\/logo\/image\/"}}]}},"_links":{"self":[{"href":"https:\/\/innome.de\/de\/wp-json\/wp\/v2\/pages\/794","targetHints":{"allow":["GET"]}}],"collection":[{"href":"https:\/\/innome.de\/de\/wp-json\/wp\/v2\/pages"}],"about":[{"href":"https:\/\/innome.de\/de\/wp-json\/wp\/v2\/types\/page"}],"author":[{"embeddable":true,"href":"https:\/\/innome.de\/de\/wp-json\/wp\/v2\/users\/1"}],"replies":[{"embeddable":true,"href":"https:\/\/innome.de\/de\/wp-json\/wp\/v2\/comments?post=794"}],"version-history":[{"count":24,"href":"https:\/\/innome.de\/de\/wp-json\/wp\/v2\/pages\/794\/revisions"}],"predecessor-version":[{"id":826,"href":"https:\/\/innome.de\/de\/wp-json\/wp\/v2\/pages\/794\/revisions\/826"}],"wp:attachment":[{"href":"https:\/\/innome.de\/de\/wp-json\/wp\/v2\/media?parent=794"}],"curies":[{"name":"wp","href":"https:\/\/api.w.org\/{rel}","templated":true}]}}