{"id":1382,"date":"2026-05-03T16:52:20","date_gmt":"2026-05-03T16:52:20","guid":{"rendered":"https:\/\/innome.de\/?page_id=1382"},"modified":"2026-05-03T16:52:21","modified_gmt":"2026-05-03T16:52:21","slug":"uf-roehrchen-15ml","status":"publish","type":"page","link":"https:\/\/innome.de\/en\/uf-roehrchen-15ml\/","title":{"rendered":"UF R\u00f6hrchen 15ml"},"content":{"rendered":"<div class=\"wp-block-group alignfull has-global-padding is-layout-constrained wp-container-core-group-is-layout-a61a3a89 wp-block-group-is-layout-constrained\">\n<div class=\"wp-block-group alignfull has-global-padding is-content-justification-center is-layout-constrained wp-container-core-group-is-layout-b6632178 wp-block-group-is-layout-constrained\" style=\"margin-top:var(--wp--preset--spacing--28);margin-bottom:var(--wp--preset--spacing--28);padding-top:var(--wp--preset--spacing--30);padding-bottom:var(--wp--preset--spacing--30)\">\n<div class=\"wp-block-columns is-layout-flex wp-container-core-columns-is-layout-28f84493 wp-block-columns-is-layout-flex\">\n<div class=\"wp-block-column is-vertically-aligned-center is-layout-flow wp-block-column-is-layout-flow\" style=\"padding-right:var(--wp--preset--spacing--16);padding-left:var(--wp--preset--spacing--16);flex-basis:100%\">\n<div class=\"wp-block-group has-global-padding is-content-justification-center is-layout-constrained wp-block-group-is-layout-constrained\">\n<h2 class=\"wp-block-heading has-text-align-left\">Ultrafiltrations-Zentrifugenr\u00f6hrchen 15 ml \u2013 PES-Membran, 3\u2013100 kDa<\/h2>\n\n\n\n<p class=\"has-text-align-left\"><strong>Gro\u00dfvolumen-Ultrafiltration f\u00fcr Probenvolumina bis 15 ml \u2013 PES-Membran, 6 MWCO-Varianten, &gt;90% Wiederfindungsrate \u2013 f\u00fcr Scale-up Proteinaufarbeitung<\/strong><\/p>\n\n\n\n<p>Das <strong>innoME Ultrafiltrations-Zentrifugenr\u00f6hrchen 15 ml<\/strong> ist das Gro\u00dfvolumenformat f\u00fcr anspruchsvolle Proteinaufarbeitungen. F\u00fcr Probenvolumina bis 15 ml \u2014 ideal wenn gr\u00f6\u00dfere Mengen konzentriert oder entsalzt werden m\u00fcssen. <strong>PES-Membran<\/strong> mit &gt;90% Wiederfindungsrate.<\/p>\n\n\n\n<p>Kompatibel mit Standard <strong>50-ml-Laborzentrifugen<\/strong>. Erh\u00e4ltlich in 6 MWCO-Gr\u00f6\u00dfen: <strong>3, 5, 10, 30, 50, 100 kDa<\/strong>. <strong>ISO 13485, USP Class VI, CE-zertifiziert.<\/strong><\/p>\n<\/div>\n\n\n\n<div class=\"wp-block-buttons is-layout-flex wp-block-buttons-is-layout-flex\">\n<div class=\"wp-block-button has-custom-width wp-block-button__width-50\"><a class=\"wp-block-button__link wp-element-button\" href=\"https:\/\/shop.innome.de\/products\/ultrafiltrations-zentrifugenroehrchen-15ml\" style=\"border-top-left-radius:100px;border-top-right-radius:100px;border-bottom-left-radius:100px;border-bottom-right-radius:100px\">Jetzt bestellen!<\/a><\/div>\n<\/div>\n<\/div>\n\n\n\n<div class=\"wp-block-column is-vertically-aligned-center is-layout-flow wp-block-column-is-layout-flow\" style=\"padding-right:var(--wp--preset--spacing--16);padding-left:var(--wp--preset--spacing--16);flex-basis:100%\">\n<figure class=\"wp-block-image aligncenter size-full is-resized has-custom-border\"><img fetchpriority=\"high\" decoding=\"async\" width=\"800\" height=\"1308\" src=\"https:\/\/innome.de\/wp-content\/uploads\/2026\/05\/Ultrafiltrations-Zentrifugenroehrchen-\u2013-PES-Membran-3\u2013100-kDa-1.png\" alt=\"Ultrafiltrations-Zentrifugenr\u00f6hrchen 15ml PES-Membran 3-100kDa innoME\" class=\"wp-image-1372\" style=\"border-top-left-radius:10px;border-top-right-radius:10px;border-bottom-left-radius:10px;border-bottom-right-radius:10px;aspect-ratio:0.6116255529729324;width:367px;height:auto\" srcset=\"https:\/\/innome.de\/wp-content\/uploads\/2026\/05\/Ultrafiltrations-Zentrifugenroehrchen-\u2013-PES-Membran-3\u2013100-kDa-1.png 800w, https:\/\/innome.de\/wp-content\/uploads\/2026\/05\/Ultrafiltrations-Zentrifugenroehrchen-\u2013-PES-Membran-3\u2013100-kDa-1-183x300.png 183w, https:\/\/innome.de\/wp-content\/uploads\/2026\/05\/Ultrafiltrations-Zentrifugenroehrchen-\u2013-PES-Membran-3\u2013100-kDa-1-626x1024.png 626w, https:\/\/innome.de\/wp-content\/uploads\/2026\/05\/Ultrafiltrations-Zentrifugenroehrchen-\u2013-PES-Membran-3\u2013100-kDa-1-768x1256.png 768w, https:\/\/innome.de\/wp-content\/uploads\/2026\/05\/Ultrafiltrations-Zentrifugenroehrchen-\u2013-PES-Membran-3\u2013100-kDa-1-7x12.png 7w\" sizes=\"(max-width: 800px) 100vw, 800px\" \/><\/figure>\n<\/div>\n<\/div>\n<\/div>\n\n\n\n<div class=\"wp-block-group alignwide is-layout-flow wp-block-group-is-layout-flow\" style=\"margin-top:var(--wp--preset--spacing--30);margin-bottom:var(--wp--preset--spacing--30);padding-top:var(--wp--preset--spacing--30);padding-bottom:var(--wp--preset--spacing--30)\">\n<section class=\"innome-specs-grid\">\n<style>\n.innome-specs-grid{background:#fff;font-family:Poppins,system-ui,sans-serif}.innome-specs-grid *{box-sizing:border-box}.innome-specs-grid__container{max-width:1340px;margin:0 auto}.innome-specs-grid__title{margin:0 0 28px;color:#009FE3;font-size:42px;font-weight:600;letter-spacing:-0.03em}.innome-specs-grid__grid{display:grid;grid-template-columns:repeat(4,minmax(0,1fr));gap:22px}.innome-specs-grid__item{border:1px solid rgba(15,47,58,0.08);border-radius:18px;padding:22px;transition:border-color .25s,box-shadow .25s,transform .25s}.innome-specs-grid__item:hover{border-color:rgba(0,159,227,0.25);box-shadow:0 12px 30px rgba(15,47,58,0.08);transform:translateY(-2px)}.innome-specs-grid__label{margin:0 0 6px;color:#0f2f3a;font-size:17px;font-weight:600}.innome-specs-grid__value{margin:0;color:#5d7680;font-size:15px;line-height:1.65}@media(max-width:1000px){.innome-specs-grid__grid{grid-template-columns:repeat(2,1fr)}}@media(max-width:640px){.innome-specs-grid__grid{grid-template-columns:1fr}}\n<\/style>\n<div class=\"innome-specs-grid__container\">\n<h2 class=\"innome-specs-grid__title\">Technische Spezifikationen<\/h2>\n<div class=\"innome-specs-grid__grid\">\n<div class=\"innome-specs-grid__item\"><h3 class=\"innome-specs-grid__label\">Probenvolumen<\/h3><p class=\"innome-specs-grid__value\">bis 15 ml<\/p><\/div>\n<div class=\"innome-specs-grid__item\"><h3 class=\"innome-specs-grid__label\">Au\u00dfenr\u00f6hrchen<\/h3><p class=\"innome-specs-grid__value\">50-ml-Format (Standard-Zentrifuge)<\/p><\/div>\n<div class=\"innome-specs-grid__item\"><h3 class=\"innome-specs-grid__label\">Membran<\/h3><p class=\"innome-specs-grid__value\">PES (Polyethersulfon)<\/p><\/div>\n<div class=\"innome-specs-grid__item\"><h3 class=\"innome-specs-grid__label\">MWCO-Varianten<\/h3><p class=\"innome-specs-grid__value\">3 \/ 5 \/ 10 \/ 30 \/ 50 \/ 100 kDa<\/p><\/div>\n<div class=\"innome-specs-grid__item\"><h3 class=\"innome-specs-grid__label\">Wiederfindungsrate<\/h3><p class=\"innome-specs-grid__value\">&gt; 90%<\/p><\/div>\n<div class=\"innome-specs-grid__item\"><h3 class=\"innome-specs-grid__label\">Proteinadsorption<\/h3><p class=\"innome-specs-grid__value\">Minimal (PES-Membran)<\/p><\/div>\n<div class=\"innome-specs-grid__item\"><h3 class=\"innome-specs-grid__label\">Zentrifuge<\/h3><p class=\"innome-specs-grid__value\">Standard 50-ml-Laborzentrifuge<\/p><\/div>\n<div class=\"innome-specs-grid__item\"><h3 class=\"innome-specs-grid__label\">Geh\u00e4use Material<\/h3><p class=\"innome-specs-grid__value\">PP (Polypropylen), USP Class VI<\/p><\/div>\n<div class=\"innome-specs-grid__item\"><h3 class=\"innome-specs-grid__label\">Sterilit\u00e4t<\/h3><p class=\"innome-specs-grid__value\">Non-steril<\/p><\/div>\n<div class=\"innome-specs-grid__item\"><h3 class=\"innome-specs-grid__label\">Verpackung<\/h3><p class=\"innome-specs-grid__value\">12 St\u00fcck\/Case<\/p><\/div>\n<div class=\"innome-specs-grid__item\"><h3 class=\"innome-specs-grid__label\">Zertifikate<\/h3><p class=\"innome-specs-grid__value\">ISO 13485, ISO 9001:2015, CE, USP Class VI, SGS<\/p><\/div>\n<div class=\"innome-specs-grid__item\"><h3 class=\"innome-specs-grid__label\">Ideal f\u00fcr<\/h3><p class=\"innome-specs-grid__value\">Scale-up Proteinaufarbeitung, gr\u00f6\u00dfere Probenmengen<\/p><\/div>\n<\/div>\n<\/div>\n<\/section>\n<\/div>\n\n\n\n<div class=\"wp-block-group alignwide is-layout-flow wp-block-group-is-layout-flow\" style=\"margin-top:var(--wp--preset--spacing--30);margin-bottom:var(--wp--preset--spacing--30);padding-top:var(--wp--preset--spacing--30);padding-bottom:var(--wp--preset--spacing--30)\">\n<section class=\"innome-app-mat\">\n<style>\n.innome-app-mat{background:#fff;font-family:Poppins,system-ui,sans-serif}.innome-app-mat *{box-sizing:border-box}.innome-app-mat__container{max-width:1340px;margin:0 auto}.innome-app-mat__grid{display:grid;grid-template-columns:0.85fr 1.15fr;gap:28px;align-items:stretch}.innome-app-mat__card{background:#fff;border:1px solid rgba(15,47,58,0.08);border-radius:24px;padding:28px;box-shadow:0 14px 34px rgba(15,47,58,0.05);height:100%}.innome-app-mat__title{margin:0 0 18px;color:#009FE3;font-size:40px;font-weight:600;letter-spacing:-0.03em}.innome-app-mat__subtitle{margin:0 0 22px;color:#5d7680;font-size:17px;line-height:1.7}.innome-app-mat__card--applications{display:flex;flex-direction:column}.innome-app-mat__list{list-style:none;margin:0;padding:0;flex:1;display:flex;flex-direction:column;gap:10px}.innome-app-mat__list li{position:relative;padding-left:20px;font-size:16px;line-height:1.6;color:#0f2f3a;font-weight:500}.innome-app-mat__list li::before{content:\"\";position:absolute;left:0;top:10px;width:8px;height:8px;background:#009FE3;transform:rotate(45deg);border-radius:2px}.innome-app-mat__list strong{font-weight:600}.innome-app-mat__table-wrap{overflow-x:auto;border:1px solid rgba(15,47,58,0.08);border-radius:18px}.innome-app-mat__table{width:100%;border-collapse:collapse}.innome-app-mat__table th,.innome-app-mat__table td{padding:14px 18px;text-align:left;border-bottom:1px solid rgba(15,47,58,0.08);border-right:1px solid rgba(15,47,58,0.08);font-size:14px}.innome-app-mat__table th:last-child,.innome-app-mat__table td:last-child{border-right:none}.innome-app-mat__table tr:last-child td{border-bottom:none}.innome-app-mat__table thead th{background:rgba(0,159,227,0.06);color:#009FE3;font-weight:600}.innome-app-mat__table tbody td:first-child{font-weight:600;color:#0f2f3a}.innome-app-mat__table tbody td:not(:first-child){color:#5d7680}@media(max-width:1100px){.innome-app-mat__grid{grid-template-columns:1fr}}\n<\/style>\n<div class=\"innome-app-mat__container\">\n<div class=\"innome-app-mat__grid\">\n \n<div class=\"innome-app-mat__card innome-app-mat__card--applications\">\n<h2 class=\"innome-app-mat__title\">Anwendungen<\/h2>\n<p class=\"innome-app-mat__subtitle\">Ideal f\u00fcr gr\u00f6\u00dfere Probenmengen und Scale-up Aufarbeitungen.<\/p>\n<ul class=\"innome-app-mat__list\">\n<li><strong>Antik\u00f6rper-Aufkonzentrierung<\/strong> (IgG, Fab)<\/li>\n<li><strong>Proteinreinigung<\/strong> im pr\u00e4parativen Ma\u00dfstab<\/li>\n<li><strong>Pufferaustausch<\/strong> gro\u00dfer Probenmengen<\/li>\n<li><strong>Virusaufarbeitung<\/strong> (Titererh\u00f6hung)<\/li>\n<li><strong>Serumfraktionierung<\/strong><\/li>\n<li><strong>Scale-up Probenaufbereitung<\/strong> vor Downstream<\/li>\n<\/ul>\n<\/div>\n \n<div class=\"innome-app-mat__card\">\n<h2 class=\"innome-app-mat__title\">Format-Vergleich<\/h2>\n<div class=\"innome-app-mat__table-wrap\">\n<table class=\"innome-app-mat__table\">\n<thead><tr><th>Format<\/th><th>Probenvolumen<\/th><th>Zentrifuge<\/th><th>Ideal f\u00fcr<\/th><\/tr><\/thead>\n<tbody>\n<tr><td>0,5 ml<\/td><td>bis 0,5 ml<\/td><td>Mikrozentrifuge<\/td><td>Wertvolle Kleinstproben<\/td><\/tr>\n<tr><td>4 ml<\/td><td>bis 4 ml<\/td><td>15-ml-Zentrifuge<\/td><td>Standard-Aufarbeitung<\/td><\/tr>\n<tr><td>15 ml \u2713<\/td><td>bis 15 ml<\/td><td>50-ml-Zentrifuge<\/td><td>Scale-up, gr\u00f6\u00dfere Mengen<\/td><\/tr>\n<\/tbody>\n<\/table>\n<\/div>\n<\/div>\n \n<\/div>\n<\/div>\n<\/section>\n<\/div>\n\n\n\n<div class=\"wp-block-group alignwide is-layout-flow wp-block-group-is-layout-flow\" style=\"margin-top:var(--wp--preset--spacing--30);margin-bottom:var(--wp--preset--spacing--30);padding-top:var(--wp--preset--spacing--30);padding-bottom:var(--wp--preset--spacing--30)\">\n<section class=\"innome-oem\">\n<style>\n.innome-oem{background:#fff;font-family:Poppins,system-ui,sans-serif}.innome-oem *{box-sizing:border-box}.innome-oem__container{max-width:1340px;margin:0 auto}.innome-oem__card{border:1px solid rgba(15,47,58,0.08);border-radius:24px;padding:36px;background:#fff;box-shadow:0 14px 34px rgba(15,47,58,0.05)}.innome-oem__title{margin:0 0 12px;color:#009FE3;font-size:32px;font-weight:600;letter-spacing:-0.03em}.innome-oem__subtitle{margin:0 0 26px;font-size:16px;line-height:1.7;color:#5d7680}.innome-oem__links{display:flex;flex-direction:column;gap:14px}.innome-oem__link{display:inline-flex;align-items:center;gap:10px;font-size:16px;text-decoration:none;color:#0f2f3a;font-weight:500;transition:all .25s}.innome-oem__link:hover{color:#009FE3}.innome-oem__arrow{color:#009FE3;font-weight:600}\n<\/style>\n<div class=\"innome-oem__container\"><div class=\"innome-oem__card\">\n<h2 class=\"innome-oem__title\">Weitere Ultrafiltrations-R\u00f6hrchen<\/h2>\n<p class=\"innome-oem__subtitle\">Das vollst\u00e4ndige innoME UF-Sortiment \u2014 drei Volumenformate, alle mit 6 MWCO-Varianten:<\/p>\n<div class=\"innome-oem__links\">\n<a class=\"innome-oem__link\" href=\"\/en\/ultrafiltrations-roehrchen-05ml\/\"><span class=\"innome-oem__arrow\">\u2192<\/span>0,5 ml \u2013 Mikrozentrifugenformat ab 6,79 \u20ac<\/a>\n<a class=\"innome-oem__link\" href=\"\/en\/ultrafiltrations-roehrchen-4ml\/\"><span class=\"innome-oem__arrow\">\u2192<\/span>4 ml \u2013 Standardformat<\/a>\n<a class=\"innome-oem__link\" href=\"\/en\/ultrafiltrations-roehrchen-15ml\/\"><span class=\"innome-oem__arrow\">\u2192<\/span>15 ml \u2013 Gro\u00dfvolumen (diese Seite)<\/a>\n<a class=\"innome-oem__link\" href=\"\/en\/zentrifugenroehrchen\/\"><span class=\"innome-oem__arrow\">\u2192<\/span>Alle Zentrifugenr\u00f6hrchen<\/a>\n<a class=\"innome-oem__link\" href=\"https:\/\/shop.innome.de\/collections\/ultrafiltration-tubes\"><span class=\"innome-oem__arrow\">\u2192<\/span>Alle UF-Produkte im Shop<\/a>\n<\/div>\n<\/div><\/div>\n<\/section>\n<\/div>\n<\/div>","protected":false},"excerpt":{"rendered":"<p>Ultrafiltrations-Zentrifugenr\u00f6hrchen 15 ml \u2013 PES-Membran, 3\u2013100 kDa Gro\u00dfvolumen-Ultrafiltration f\u00fcr Probenvolumina bis 15 ml \u2013 PES-Membran, 6 MWCO-Varianten, &gt;90% Wiederfindungsrate \u2013 f\u00fcr Scale-up Proteinaufarbeitung Das innoME Ultrafiltrations-Zentrifugenr\u00f6hrchen 15 ml ist das Gro\u00dfvolumenformat f\u00fcr anspruchsvolle Proteinaufarbeitungen. F\u00fcr Probenvolumina bis 15 ml \u2014 ideal wenn gr\u00f6\u00dfere Mengen konzentriert oder entsalzt werden m\u00fcssen. PES-Membran mit &gt;90% Wiederfindungsrate. Kompatibel mit [&hellip;]<\/p>\n","protected":false},"author":1,"featured_media":0,"parent":0,"menu_order":0,"comment_status":"closed","ping_status":"closed","template":"","meta":{"footnotes":""},"class_list":["post-1382","page","type-page","status-publish","hentry"],"yoast_head":"<!-- This site is optimized with the Yoast SEO plugin v27.5 - https:\/\/yoast.com\/product\/yoast-seo-wordpress\/ -->\n<title>Buy Ultrafiltrations-Zentrifugenr\u00f6hrchen 15 ml \u2013 PES 3\u2013100 kDa<\/title>\n<meta name=\"description\" content=\"UF-Zentrifugenr\u00f6hrchen 15 ml von innoME \u2013 PES-Membran, 6 MWCO (3\u2013100 kDa), &gt;90% Wiederfindung, ISO 13485, USP VI.\" \/>\n<meta name=\"robots\" content=\"index, follow, max-snippet:-1, max-image-preview:large, max-video-preview:-1\" \/>\n<link rel=\"canonical\" href=\"https:\/\/innome.de\/en\/uf-roehrchen-15ml\/\" \/>\n<meta property=\"og:locale\" content=\"en_GB\" \/>\n<meta property=\"og:type\" content=\"article\" \/>\n<meta property=\"og:title\" content=\"Buy Ultrafiltrations-Zentrifugenr\u00f6hrchen 15 ml \u2013 PES 3\u2013100 kDa\" \/>\n<meta property=\"og:description\" content=\"UF-Zentrifugenr\u00f6hrchen 15 ml von innoME \u2013 PES-Membran, 6 MWCO (3\u2013100 kDa), &gt;90% Wiederfindung, ISO 13485, USP VI.\" \/>\n<meta property=\"og:url\" content=\"https:\/\/innome.de\/en\/uf-roehrchen-15ml\/\" \/>\n<meta property=\"og:site_name\" content=\"innome\" \/>\n<meta property=\"article:modified_time\" content=\"2026-05-03T16:52:21+00:00\" \/>\n<meta name=\"twitter:card\" content=\"summary_large_image\" \/>\n<meta name=\"twitter:label1\" content=\"Est. reading time\" \/>\n\t<meta name=\"twitter:data1\" content=\"2 minutes\" \/>\n<script type=\"application\/ld+json\" class=\"yoast-schema-graph\">{\"@context\":\"https:\\\/\\\/schema.org\",\"@graph\":[{\"@type\":\"WebPage\",\"@id\":\"https:\\\/\\\/innome.de\\\/uf-roehrchen-15ml\\\/\",\"url\":\"https:\\\/\\\/innome.de\\\/uf-roehrchen-15ml\\\/\",\"name\":\"Buy Ultrafiltrations-Zentrifugenr\u00f6hrchen 15 ml \u2013 PES 3\u2013100 kDa\",\"isPartOf\":{\"@id\":\"https:\\\/\\\/innome.de\\\/#website\"},\"datePublished\":\"2026-05-03T16:52:20+00:00\",\"dateModified\":\"2026-05-03T16:52:21+00:00\",\"description\":\"UF-Zentrifugenr\u00f6hrchen 15 ml von innoME \u2013 PES-Membran, 6 MWCO (3\u2013100 kDa), >90% Wiederfindung, ISO 13485, USP VI.\",\"breadcrumb\":{\"@id\":\"https:\\\/\\\/innome.de\\\/uf-roehrchen-15ml\\\/#breadcrumb\"},\"inLanguage\":\"en-GB\",\"potentialAction\":[{\"@type\":\"ReadAction\",\"target\":[\"https:\\\/\\\/innome.de\\\/uf-roehrchen-15ml\\\/\"]}]},{\"@type\":\"BreadcrumbList\",\"@id\":\"https:\\\/\\\/innome.de\\\/uf-roehrchen-15ml\\\/#breadcrumb\",\"itemListElement\":[{\"@type\":\"ListItem\",\"position\":1,\"name\":\"Home\",\"item\":\"https:\\\/\\\/innome.de\\\/\"},{\"@type\":\"ListItem\",\"position\":2,\"name\":\"UF R\u00f6hrchen 15ml\"}]},{\"@type\":\"WebSite\",\"@id\":\"https:\\\/\\\/innome.de\\\/#website\",\"url\":\"https:\\\/\\\/innome.de\\\/\",\"name\":\"innome\",\"description\":\"Lab consumable and live cell imaging supplier\",\"publisher\":{\"@id\":\"https:\\\/\\\/innome.de\\\/#organization\"},\"potentialAction\":[{\"@type\":\"SearchAction\",\"target\":{\"@type\":\"EntryPoint\",\"urlTemplate\":\"https:\\\/\\\/innome.de\\\/?s={search_term_string}\"},\"query-input\":{\"@type\":\"PropertyValueSpecification\",\"valueRequired\":true,\"valueName\":\"search_term_string\"}}],\"inLanguage\":\"en-GB\"},{\"@type\":\"Organization\",\"@id\":\"https:\\\/\\\/innome.de\\\/#organization\",\"name\":\"innome\",\"url\":\"https:\\\/\\\/innome.de\\\/\",\"logo\":{\"@type\":\"ImageObject\",\"inLanguage\":\"en-GB\",\"@id\":\"https:\\\/\\\/innome.de\\\/#\\\/schema\\\/logo\\\/image\\\/\",\"url\":\"https:\\\/\\\/innome.de\\\/wp-content\\\/uploads\\\/2026\\\/02\\\/innoMEPNG.png\",\"contentUrl\":\"https:\\\/\\\/innome.de\\\/wp-content\\\/uploads\\\/2026\\\/02\\\/innoMEPNG.png\",\"width\":125,\"height\":26,\"caption\":\"innome\"},\"image\":{\"@id\":\"https:\\\/\\\/innome.de\\\/#\\\/schema\\\/logo\\\/image\\\/\"}}]}<\/script>\n<!-- \/ Yoast SEO plugin. -->","yoast_head_json":{"title":"Buy Ultrafiltrations-Zentrifugenr\u00f6hrchen 15 ml \u2013 PES 3\u2013100 kDa","description":"UF-Zentrifugenr\u00f6hrchen 15 ml von innoME \u2013 PES-Membran, 6 MWCO (3\u2013100 kDa), >90% Wiederfindung, ISO 13485, USP VI.","robots":{"index":"index","follow":"follow","max-snippet":"max-snippet:-1","max-image-preview":"max-image-preview:large","max-video-preview":"max-video-preview:-1"},"canonical":"https:\/\/innome.de\/en\/uf-roehrchen-15ml\/","og_locale":"en_GB","og_type":"article","og_title":"Buy Ultrafiltrations-Zentrifugenr\u00f6hrchen 15 ml \u2013 PES 3\u2013100 kDa","og_description":"UF-Zentrifugenr\u00f6hrchen 15 ml von innoME \u2013 PES-Membran, 6 MWCO (3\u2013100 kDa), >90% Wiederfindung, ISO 13485, USP VI.","og_url":"https:\/\/innome.de\/en\/uf-roehrchen-15ml\/","og_site_name":"innome","article_modified_time":"2026-05-03T16:52:21+00:00","twitter_card":"summary_large_image","twitter_misc":{"Est. reading time":"2 minutes"},"schema":{"@context":"https:\/\/schema.org","@graph":[{"@type":"WebPage","@id":"https:\/\/innome.de\/uf-roehrchen-15ml\/","url":"https:\/\/innome.de\/uf-roehrchen-15ml\/","name":"Buy Ultrafiltrations-Zentrifugenr\u00f6hrchen 15 ml \u2013 PES 3\u2013100 kDa","isPartOf":{"@id":"https:\/\/innome.de\/#website"},"datePublished":"2026-05-03T16:52:20+00:00","dateModified":"2026-05-03T16:52:21+00:00","description":"UF-Zentrifugenr\u00f6hrchen 15 ml von innoME \u2013 PES-Membran, 6 MWCO (3\u2013100 kDa), >90% Wiederfindung, ISO 13485, USP VI.","breadcrumb":{"@id":"https:\/\/innome.de\/uf-roehrchen-15ml\/#breadcrumb"},"inLanguage":"en-GB","potentialAction":[{"@type":"ReadAction","target":["https:\/\/innome.de\/uf-roehrchen-15ml\/"]}]},{"@type":"BreadcrumbList","@id":"https:\/\/innome.de\/uf-roehrchen-15ml\/#breadcrumb","itemListElement":[{"@type":"ListItem","position":1,"name":"Home","item":"https:\/\/innome.de\/"},{"@type":"ListItem","position":2,"name":"UF R\u00f6hrchen 15ml"}]},{"@type":"WebSite","@id":"https:\/\/innome.de\/#website","url":"https:\/\/innome.de\/","name":"innome","description":"Lab consumable and live cell imaging supplier","publisher":{"@id":"https:\/\/innome.de\/#organization"},"potentialAction":[{"@type":"SearchAction","target":{"@type":"EntryPoint","urlTemplate":"https:\/\/innome.de\/?s={search_term_string}"},"query-input":{"@type":"PropertyValueSpecification","valueRequired":true,"valueName":"search_term_string"}}],"inLanguage":"en-GB"},{"@type":"Organization","@id":"https:\/\/innome.de\/#organization","name":"innome","url":"https:\/\/innome.de\/","logo":{"@type":"ImageObject","inLanguage":"en-GB","@id":"https:\/\/innome.de\/#\/schema\/logo\/image\/","url":"https:\/\/innome.de\/wp-content\/uploads\/2026\/02\/innoMEPNG.png","contentUrl":"https:\/\/innome.de\/wp-content\/uploads\/2026\/02\/innoMEPNG.png","width":125,"height":26,"caption":"innome"},"image":{"@id":"https:\/\/innome.de\/#\/schema\/logo\/image\/"}}]}},"_links":{"self":[{"href":"https:\/\/innome.de\/en\/wp-json\/wp\/v2\/pages\/1382","targetHints":{"allow":["GET"]}}],"collection":[{"href":"https:\/\/innome.de\/en\/wp-json\/wp\/v2\/pages"}],"about":[{"href":"https:\/\/innome.de\/en\/wp-json\/wp\/v2\/types\/page"}],"author":[{"embeddable":true,"href":"https:\/\/innome.de\/en\/wp-json\/wp\/v2\/users\/1"}],"replies":[{"embeddable":true,"href":"https:\/\/innome.de\/en\/wp-json\/wp\/v2\/comments?post=1382"}],"version-history":[{"count":2,"href":"https:\/\/innome.de\/en\/wp-json\/wp\/v2\/pages\/1382\/revisions"}],"predecessor-version":[{"id":1384,"href":"https:\/\/innome.de\/en\/wp-json\/wp\/v2\/pages\/1382\/revisions\/1384"}],"wp:attachment":[{"href":"https:\/\/innome.de\/en\/wp-json\/wp\/v2\/media?parent=1382"}],"curies":[{"name":"wp","href":"https:\/\/api.w.org\/{rel}","templated":true}]}}