{"id":1409,"date":"2026-05-03T19:47:52","date_gmt":"2026-05-03T19:47:52","guid":{"rendered":"https:\/\/innome.de\/?page_id=1409"},"modified":"2026-05-03T19:47:52","modified_gmt":"2026-05-03T19:47:52","slug":"pet-medienflaschen","status":"publish","type":"page","link":"https:\/\/innome.de\/en\/pet-medienflaschen\/","title":{"rendered":"PET Medienflaschen"},"content":{"rendered":"<div class=\"wp-block-group alignfull has-global-padding is-layout-constrained wp-container-core-group-is-layout-a61a3a89 wp-block-group-is-layout-constrained\">\n<div class=\"wp-block-group alignfull has-global-padding is-content-justification-center is-layout-constrained wp-container-core-group-is-layout-b6632178 wp-block-group-is-layout-constrained\" style=\"margin-top:var(--wp--preset--spacing--28);margin-bottom:var(--wp--preset--spacing--28);padding-top:var(--wp--preset--spacing--30);padding-bottom:var(--wp--preset--spacing--30)\">\n<div class=\"wp-block-columns is-layout-flex wp-container-core-columns-is-layout-28f84493 wp-block-columns-is-layout-flex\">\n<div class=\"wp-block-column is-vertically-aligned-center is-layout-flow wp-block-column-is-layout-flow\" style=\"padding-right:var(--wp--preset--spacing--16);padding-left:var(--wp--preset--spacing--16);flex-basis:100%\">\n<div class=\"wp-block-group has-global-padding is-content-justification-center is-layout-constrained wp-block-group-is-layout-constrained\">\n<h2 class=\"wp-block-heading has-text-align-left\">PET Medienflaschen kaufen \u2013 125\u20131000 ml, steril, gamma-bestrahlt, DNase-frei<\/h2>\n\n\n\n<p class=\"has-text-align-left\"><strong>Square Media Bottles aus PET \u2013 4 Volumina (125\u20131000 ml), gamma-bestrahlt, DNase-frei, RNase-frei, kosteng\u00fcnstig f\u00fcr Standard-Medienhandhabung | Artikelreihe C084xxx<\/strong><\/p>\n\n\n\n<p>Die <strong>innoME PET Square Media Bottles<\/strong> sind die kosteng\u00fcnstige L\u00f6sung f\u00fcr <strong>Standard-Medienhandhabung, Pufferlagerung und allgemeine Laboranwendungen<\/strong>. PET (Polyethylenterephthalat) bietet hohe Transparenz, gute chemische Best\u00e4ndigkeit und ist gamma-bestrahlt steril.<\/p>\n\n\n\n<p>Erh\u00e4ltlich in 4 Standardvolumina von <strong>125 ml bis 1000 ml<\/strong> \u2014 mit identischen Abmessungen wie die PETG-Variante f\u00fcr nahtlosen Wechsel zwischen den Materialien. DNase-frei, RNase-frei, pyrogenfrei, kein Leck.<\/p>\n<\/div>\n\n\n\n<div class=\"wp-block-buttons is-layout-flex wp-block-buttons-is-layout-flex\">\n<div class=\"wp-block-button has-custom-width wp-block-button__width-50\"><a class=\"wp-block-button__link wp-element-button\" href=\"https:\/\/shop.innome.de\/products\/square-pet-media-bottles-sterile-gamma-irradiated-cgmp\" style=\"border-top-left-radius:100px;border-top-right-radius:100px;border-bottom-left-radius:100px;border-bottom-right-radius:100px\">Jetzt bestellen!<\/a><\/div>\n<\/div>\n<\/div>\n\n\n\n<div class=\"wp-block-column is-vertically-aligned-center is-layout-flow wp-block-column-is-layout-flow\" style=\"padding-right:var(--wp--preset--spacing--16);padding-left:var(--wp--preset--spacing--16);flex-basis:100%\">\n<figure class=\"wp-block-image aligncenter size-full has-custom-border\"><img fetchpriority=\"high\" decoding=\"async\" width=\"2048\" height=\"2048\" src=\"https:\/\/innome.de\/wp-content\/uploads\/2026\/03\/12362623.jpg\" alt=\"PET Square Media Bottles 125-1000ml steril gamma-bestrahlt innoME\" class=\"wp-image-853\" style=\"border-top-left-radius:10px;border-top-right-radius:10px;border-bottom-left-radius:10px;border-bottom-right-radius:10px\" srcset=\"https:\/\/innome.de\/wp-content\/uploads\/2026\/03\/12362623.jpg 2048w, https:\/\/innome.de\/wp-content\/uploads\/2026\/03\/12362623-300x300.jpg 300w, https:\/\/innome.de\/wp-content\/uploads\/2026\/03\/12362623-1024x1024.jpg 1024w, https:\/\/innome.de\/wp-content\/uploads\/2026\/03\/12362623-150x150.jpg 150w, https:\/\/innome.de\/wp-content\/uploads\/2026\/03\/12362623-768x768.jpg 768w, https:\/\/innome.de\/wp-content\/uploads\/2026\/03\/12362623-1536x1536.jpg 1536w\" sizes=\"(max-width: 2048px) 100vw, 2048px\" \/><\/figure>\n<\/div>\n<\/div>\n<\/div>\n\n\n\n<div class=\"wp-block-group alignwide is-layout-flow wp-block-group-is-layout-flow\" style=\"margin-top:var(--wp--preset--spacing--30);margin-bottom:var(--wp--preset--spacing--30);padding-top:var(--wp--preset--spacing--30);padding-bottom:var(--wp--preset--spacing--30)\">\n<section class=\"innome-variant-table\">\n<style>\n.innome-variant-table{font-family:Poppins,system-ui,sans-serif}.innome-variant-table *{box-sizing:border-box}.innome-variant-table__container{max-width:1340px;margin:0 auto}.innome-variant-table__title{margin:0 0 28px;color:#009FE3;font-size:42px;font-weight:600;letter-spacing:-0.03em}.innome-variant-table__wrap{overflow-x:auto;border:1px solid rgba(15,47,58,0.08);border-radius:22px;box-shadow:0 14px 34px rgba(15,47,58,0.05)}.innome-variant-table__table{width:100%;border-collapse:collapse;min-width:600px}.innome-variant-table__table th,.innome-variant-table__table td{padding:16px 18px;text-align:left;border-bottom:1px solid rgba(15,47,58,0.08);border-right:1px solid rgba(15,47,58,0.08);font-size:14px}.innome-variant-table__table th:last-child,.innome-variant-table__table td:last-child{border-right:none}.innome-variant-table__table tr:last-child td{border-bottom:none}.innome-variant-table__table thead th{background:rgba(0,159,227,0.06);color:#009FE3;font-weight:600;font-size:13px}.innome-variant-table__table tbody td:first-child{font-weight:600;color:#009FE3;font-family:monospace}.innome-variant-table__table tbody td:not(:first-child){color:#0f2f3a}\n<\/style>\n<div class=\"innome-variant-table__container\">\n<h2 class=\"innome-variant-table__title\">Variantenmatrix PET (C084xxx)<\/h2>\n<div class=\"innome-variant-table__wrap\">\n<table class=\"innome-variant-table__table\">\n<thead>\n<tr><th>Art.-Nr.<\/th><th>Volumen<\/th><th>Hals-\u00d8 (mm)<\/th><th>H\u00f6he ohne Deckel (mm)<\/th><th>H\u00f6he mit Deckel (mm)<\/th><th>St\u00fcck\/Pack<\/th><th>St\u00fcck\/Karton<\/th><\/tr>\n<\/thead>\n<tbody>\n<tr><td>C084125<\/td><td>125 ml<\/td><td>35,4<\/td><td>104,0<\/td><td>108,0<\/td><td>24<\/td><td>96<\/td><\/tr>\n<tr><td>C084250<\/td><td>250 ml<\/td><td>35,4<\/td><td>140,0<\/td><td>144,0<\/td><td>56<\/td><td>224<\/td><\/tr>\n<tr><td>C084500<\/td><td>500 ml<\/td><td>35,4<\/td><td>172,5<\/td><td>176,5<\/td><td>20<\/td><td>80<\/td><\/tr>\n<tr><td>C084010<\/td><td>1000 ml<\/td><td>35,4<\/td><td>213,0<\/td><td>217,0<\/td><td>20<\/td><td>40<\/td><\/tr>\n<\/tbody>\n<\/table>\n<\/div>\n<\/div>\n<\/section>\n<\/div>\n\n\n\n<div class=\"wp-block-group alignwide is-layout-flow wp-block-group-is-layout-flow\" style=\"margin-top:var(--wp--preset--spacing--30);margin-bottom:var(--wp--preset--spacing--30);padding-top:var(--wp--preset--spacing--30);padding-bottom:var(--wp--preset--spacing--30)\">\n<section class=\"innome-app-mat\">\n<style>\n.innome-app-mat{background:#fff;font-family:Poppins,system-ui,sans-serif}.innome-app-mat *{box-sizing:border-box}.innome-app-mat__container{max-width:1340px;margin:0 auto}.innome-app-mat__grid{display:grid;grid-template-columns:0.85fr 1.15fr;gap:28px;align-items:stretch}.innome-app-mat__card{background:#fff;border:1px solid rgba(15,47,58,0.08);border-radius:24px;padding:28px;box-shadow:0 14px 34px rgba(15,47,58,0.05);height:100%}.innome-app-mat__title{margin:0 0 18px;color:#009FE3;font-size:36px;font-weight:600;letter-spacing:-0.03em}.innome-app-mat__subtitle{margin:0 0 22px;color:#5d7680;font-size:16px;line-height:1.7}.innome-app-mat__card--applications{display:flex;flex-direction:column}.innome-app-mat__list{list-style:none;margin:0;padding:0;flex:1;display:flex;flex-direction:column;gap:10px}.innome-app-mat__list li{position:relative;padding-left:20px;font-size:16px;line-height:1.6;color:#0f2f3a;font-weight:500}.innome-app-mat__list li::before{content:\"\";position:absolute;left:0;top:10px;width:8px;height:8px;background:#009FE3;transform:rotate(45deg);border-radius:2px}.innome-app-mat__list strong{font-weight:600}.innome-app-mat__table-wrap{overflow-x:auto;border:1px solid rgba(15,47,58,0.08);border-radius:18px}.innome-app-mat__table{width:100%;border-collapse:collapse}.innome-app-mat__table th,.innome-app-mat__table td{padding:14px 18px;text-align:left;border-bottom:1px solid rgba(15,47,58,0.08);border-right:1px solid rgba(15,47,58,0.08);font-size:14px}.innome-app-mat__table th:last-child,.innome-app-mat__table td:last-child{border-right:none}.innome-app-mat__table tr:last-child td{border-bottom:none}.innome-app-mat__table thead th{background:rgba(0,159,227,0.06);color:#009FE3;font-weight:600}.innome-app-mat__table tbody td:first-child{font-weight:600;color:#0f2f3a}.innome-app-mat__table tbody td:not(:first-child){color:#5d7680}.innome-oem__links{display:flex;flex-direction:column;gap:14px;margin-top:8px}.innome-oem__link{display:inline-flex;align-items:center;gap:10px;font-size:15px;text-decoration:none;color:#0f2f3a;font-weight:500;transition:all .25s}.innome-oem__link:hover{color:#009FE3}.innome-oem__arrow{color:#009FE3;font-weight:600}@media(max-width:1100px){.innome-app-mat__grid{grid-template-columns:1fr}}\n<\/style>\n<div class=\"innome-app-mat__container\">\n<div class=\"innome-app-mat__grid\">\n \n<div class=\"innome-app-mat__card innome-app-mat__card--applications\">\n<h2 class=\"innome-app-mat__title\">Anwendungen<\/h2>\n<p class=\"innome-app-mat__subtitle\">PET \u2013 kosteng\u00fcnstig f\u00fcr Standard-Labor.<\/p>\n<ul class=\"innome-app-mat__list\">\n<li><strong>Standard-Medienlagerung<\/strong><\/li>\n<li><strong>Puffervorbereitung<\/strong> &#038; Lagerung<\/li>\n<li><strong>Zellkulturmedien<\/strong> Handling<\/li>\n<li><strong>Allgemeines Labor<\/strong> Liquid Handling<\/li>\n<li><strong>Routineanwendungen<\/strong> ohne Tiefk\u00fchlung<\/li>\n<li><strong>Kostenoptimierung<\/strong> vs. PETG<\/li>\n<\/ul>\n<\/div>\n \n<div class=\"innome-app-mat__card\">\n<h2 class=\"innome-app-mat__title\">PET vs. PETG Vergleich<\/h2>\n<div class=\"innome-app-mat__table-wrap\">\n<table class=\"innome-app-mat__table\">\n<thead><tr><th>Eigenschaft<\/th><th>PET (C084xxx)<\/th><th>PETG (C080xxx)<\/th><\/tr><\/thead>\n<tbody>\n<tr><td>Volumina<\/td><td>125\u20131000 ml<\/td><td>5\u20131000 ml<\/td><\/tr>\n<tr><td>Temperatur<\/td><td>Standard<\/td><td>Bis -70\u00b0C<\/td><\/tr>\n<tr><td>Sterilisation<\/td><td>Gamma<\/td><td>Cobalt-60<\/td><\/tr>\n<tr><td>2-\/3-Port<\/td><td>Standard<\/td><td>Verf\u00fcgbar<\/td><\/tr>\n<tr><td>GMP Triple<\/td><td>Auf Anfrage<\/td><td>Verf\u00fcgbar<\/td><\/tr>\n<tr><td>Preis<\/td><td>G\u00fcnstiger<\/td><td>Standard<\/td><\/tr>\n<tr><td>Ideal f\u00fcr<\/td><td>Routine-Labor<\/td><td>Biopharma\/CGT<\/td><\/tr>\n<\/tbody>\n<\/table>\n<\/div>\n<\/div>\n \n<\/div>\n<\/div>\n<\/section>\n<\/div>\n\n\n\n<div class=\"wp-block-group alignwide is-layout-flow wp-block-group-is-layout-flow\" style=\"margin-top:var(--wp--preset--spacing--30);margin-bottom:var(--wp--preset--spacing--30);padding-top:var(--wp--preset--spacing--30);padding-bottom:var(--wp--preset--spacing--30)\">\n<section class=\"innome-oem\">\n<style>\n.innome-oem{background:#fff;font-family:Poppins,system-ui,sans-serif}.innome-oem *{box-sizing:border-box}.innome-oem__container{max-width:1340px;margin:0 auto}.innome-oem__card{border:1px solid rgba(15,47,58,0.08);border-radius:24px;padding:36px;background:#fff;box-shadow:0 14px 34px rgba(15,47,58,0.05)}.innome-oem__title{margin:0 0 12px;color:#009FE3;font-size:32px;font-weight:600;letter-spacing:-0.03em}.innome-oem__subtitle{margin:0 0 26px;font-size:16px;line-height:1.7;color:#5d7680}.innome-oem__links{display:flex;flex-direction:column;gap:14px}.innome-oem__link{display:inline-flex;align-items:center;gap:10px;font-size:16px;text-decoration:none;color:#0f2f3a;font-weight:500;transition:all .25s}.innome-oem__link:hover{color:#009FE3}.innome-oem__arrow{color:#009FE3;font-weight:600}\n<\/style>\n<div class=\"innome-oem__container\"><div class=\"innome-oem__card\">\n<h2 class=\"innome-oem__title\">Weitere Medienflaschen &#038; Carboys<\/h2>\n<p class=\"innome-oem__subtitle\">Das vollst\u00e4ndige innoME Medienflaschen-Sortiment:<\/p>\n<div class=\"innome-oem__links\">\n<a class=\"innome-oem__link\" href=\"\/en\/petg-medienflaschen\/\"><span class=\"innome-oem__arrow\">\u2192<\/span>PETG Medienflaschen (C080xxx) \u2013 5 ml bis 1000 ml, bis -70\u00b0C<\/a>\n<a class=\"innome-oem__link\" href=\"\/en\/pet-medienflaschen\/\"><span class=\"innome-oem__arrow\">\u2192<\/span>PET Medienflaschen (C084xxx) \u2013 125\u20131000 ml (diese Seite)<\/a>\n<a class=\"innome-oem__link\" href=\"\/en\/gmp-reinraum-verpackung\/\"><span class=\"innome-oem__arrow\">\u2192<\/span>PETG Triple Bagged \u2013 dreifach verpackt f\u00fcr GMP Reinraum<\/a>\n<a class=\"innome-oem__link\" href=\"\/en\/medienflaschen\/\"><span class=\"innome-oem__arrow\">\u2192<\/span>Alle Medienflaschen \u2013 \u00dcbersicht<\/a>\n<\/div>\n<\/div><\/div>\n<\/section>\n<\/div>\n<\/div>","protected":false},"excerpt":{"rendered":"<p>PET Medienflaschen kaufen \u2013 125\u20131000 ml, steril, gamma-bestrahlt, DNase-frei Square Media Bottles aus PET \u2013 4 Volumina (125\u20131000 ml), gamma-bestrahlt, DNase-frei, RNase-frei, kosteng\u00fcnstig f\u00fcr Standard-Medienhandhabung | Artikelreihe C084xxx Die innoME PET Square Media Bottles sind die kosteng\u00fcnstige L\u00f6sung f\u00fcr Standard-Medienhandhabung, Pufferlagerung und allgemeine Laboranwendungen. PET (Polyethylenterephthalat) bietet hohe Transparenz, gute chemische Best\u00e4ndigkeit und ist gamma-bestrahlt [&hellip;]<\/p>\n","protected":false},"author":1,"featured_media":0,"parent":0,"menu_order":0,"comment_status":"closed","ping_status":"closed","template":"","meta":{"footnotes":""},"class_list":["post-1409","page","type-page","status-publish","hentry"],"yoast_head":"<!-- This site is optimized with the Yoast SEO plugin v27.5 - https:\/\/yoast.com\/product\/yoast-seo-wordpress\/ -->\n<title>PET Medienflaschen kaufen \u2013 125\u20131000 ml, steril GI | innoME<\/title>\n<meta name=\"description\" content=\"PET Square Media Bottles von innoME \u2013 125\u20131000 ml (C084xxx), steril, gamma-bestrahlt, DNase-frei. Deutsches Lager.\" \/>\n<meta name=\"robots\" content=\"index, follow, max-snippet:-1, max-image-preview:large, max-video-preview:-1\" \/>\n<link rel=\"canonical\" href=\"https:\/\/innome.de\/en\/pet-medienflaschen\/\" \/>\n<meta property=\"og:locale\" content=\"en_GB\" \/>\n<meta property=\"og:type\" content=\"article\" \/>\n<meta property=\"og:title\" content=\"PET Medienflaschen kaufen \u2013 125\u20131000 ml, steril GI | innoME\" \/>\n<meta property=\"og:description\" content=\"PET Square Media Bottles von innoME \u2013 125\u20131000 ml (C084xxx), steril, gamma-bestrahlt, DNase-frei. Deutsches Lager.\" \/>\n<meta property=\"og:url\" content=\"https:\/\/innome.de\/en\/pet-medienflaschen\/\" \/>\n<meta property=\"og:site_name\" content=\"innome\" \/>\n<meta property=\"og:image\" content=\"https:\/\/innome.de\/wp-content\/uploads\/2026\/03\/12362623.jpg\" \/>\n\t<meta property=\"og:image:width\" content=\"2048\" \/>\n\t<meta property=\"og:image:height\" content=\"2048\" \/>\n\t<meta property=\"og:image:type\" content=\"image\/jpeg\" \/>\n<meta name=\"twitter:card\" content=\"summary_large_image\" \/>\n<meta name=\"twitter:label1\" content=\"Est. reading time\" \/>\n\t<meta name=\"twitter:data1\" content=\"2 minutes\" \/>\n<script type=\"application\/ld+json\" class=\"yoast-schema-graph\">{\"@context\":\"https:\\\/\\\/schema.org\",\"@graph\":[{\"@type\":\"WebPage\",\"@id\":\"https:\\\/\\\/innome.de\\\/pet-medienflaschen\\\/\",\"url\":\"https:\\\/\\\/innome.de\\\/pet-medienflaschen\\\/\",\"name\":\"PET Medienflaschen kaufen \u2013 125\u20131000 ml, steril GI | innoME\",\"isPartOf\":{\"@id\":\"https:\\\/\\\/innome.de\\\/#website\"},\"primaryImageOfPage\":{\"@id\":\"https:\\\/\\\/innome.de\\\/pet-medienflaschen\\\/#primaryimage\"},\"image\":{\"@id\":\"https:\\\/\\\/innome.de\\\/pet-medienflaschen\\\/#primaryimage\"},\"thumbnailUrl\":\"https:\\\/\\\/innome.de\\\/wp-content\\\/uploads\\\/2026\\\/03\\\/12362623.jpg\",\"datePublished\":\"2026-05-03T19:47:52+00:00\",\"description\":\"PET Square Media Bottles von innoME \u2013 125\u20131000 ml (C084xxx), steril, gamma-bestrahlt, DNase-frei. Deutsches Lager.\",\"breadcrumb\":{\"@id\":\"https:\\\/\\\/innome.de\\\/pet-medienflaschen\\\/#breadcrumb\"},\"inLanguage\":\"en-GB\",\"potentialAction\":[{\"@type\":\"ReadAction\",\"target\":[\"https:\\\/\\\/innome.de\\\/pet-medienflaschen\\\/\"]}]},{\"@type\":\"ImageObject\",\"inLanguage\":\"en-GB\",\"@id\":\"https:\\\/\\\/innome.de\\\/pet-medienflaschen\\\/#primaryimage\",\"url\":\"https:\\\/\\\/innome.de\\\/wp-content\\\/uploads\\\/2026\\\/03\\\/12362623.jpg\",\"contentUrl\":\"https:\\\/\\\/innome.de\\\/wp-content\\\/uploads\\\/2026\\\/03\\\/12362623.jpg\"},{\"@type\":\"BreadcrumbList\",\"@id\":\"https:\\\/\\\/innome.de\\\/pet-medienflaschen\\\/#breadcrumb\",\"itemListElement\":[{\"@type\":\"ListItem\",\"position\":1,\"name\":\"Home\",\"item\":\"https:\\\/\\\/innome.de\\\/\"},{\"@type\":\"ListItem\",\"position\":2,\"name\":\"PET Medienflaschen\"}]},{\"@type\":\"WebSite\",\"@id\":\"https:\\\/\\\/innome.de\\\/#website\",\"url\":\"https:\\\/\\\/innome.de\\\/\",\"name\":\"innome\",\"description\":\"Lab consumable and live cell imaging supplier\",\"publisher\":{\"@id\":\"https:\\\/\\\/innome.de\\\/#organization\"},\"potentialAction\":[{\"@type\":\"SearchAction\",\"target\":{\"@type\":\"EntryPoint\",\"urlTemplate\":\"https:\\\/\\\/innome.de\\\/?s={search_term_string}\"},\"query-input\":{\"@type\":\"PropertyValueSpecification\",\"valueRequired\":true,\"valueName\":\"search_term_string\"}}],\"inLanguage\":\"en-GB\"},{\"@type\":\"Organization\",\"@id\":\"https:\\\/\\\/innome.de\\\/#organization\",\"name\":\"innome\",\"url\":\"https:\\\/\\\/innome.de\\\/\",\"logo\":{\"@type\":\"ImageObject\",\"inLanguage\":\"en-GB\",\"@id\":\"https:\\\/\\\/innome.de\\\/#\\\/schema\\\/logo\\\/image\\\/\",\"url\":\"https:\\\/\\\/innome.de\\\/wp-content\\\/uploads\\\/2026\\\/02\\\/innoMEPNG.png\",\"contentUrl\":\"https:\\\/\\\/innome.de\\\/wp-content\\\/uploads\\\/2026\\\/02\\\/innoMEPNG.png\",\"width\":125,\"height\":26,\"caption\":\"innome\"},\"image\":{\"@id\":\"https:\\\/\\\/innome.de\\\/#\\\/schema\\\/logo\\\/image\\\/\"}}]}<\/script>\n<!-- \/ Yoast SEO plugin. -->","yoast_head_json":{"title":"PET Medienflaschen kaufen \u2013 125\u20131000 ml, steril GI | innoME","description":"PET Square Media Bottles von innoME \u2013 125\u20131000 ml (C084xxx), steril, gamma-bestrahlt, DNase-frei. Deutsches Lager.","robots":{"index":"index","follow":"follow","max-snippet":"max-snippet:-1","max-image-preview":"max-image-preview:large","max-video-preview":"max-video-preview:-1"},"canonical":"https:\/\/innome.de\/en\/pet-medienflaschen\/","og_locale":"en_GB","og_type":"article","og_title":"PET Medienflaschen kaufen \u2013 125\u20131000 ml, steril GI | innoME","og_description":"PET Square Media Bottles von innoME \u2013 125\u20131000 ml (C084xxx), steril, gamma-bestrahlt, DNase-frei. Deutsches Lager.","og_url":"https:\/\/innome.de\/en\/pet-medienflaschen\/","og_site_name":"innome","og_image":[{"width":2048,"height":2048,"url":"https:\/\/innome.de\/wp-content\/uploads\/2026\/03\/12362623.jpg","type":"image\/jpeg"}],"twitter_card":"summary_large_image","twitter_misc":{"Est. reading time":"2 minutes"},"schema":{"@context":"https:\/\/schema.org","@graph":[{"@type":"WebPage","@id":"https:\/\/innome.de\/pet-medienflaschen\/","url":"https:\/\/innome.de\/pet-medienflaschen\/","name":"PET Medienflaschen kaufen \u2013 125\u20131000 ml, steril GI | innoME","isPartOf":{"@id":"https:\/\/innome.de\/#website"},"primaryImageOfPage":{"@id":"https:\/\/innome.de\/pet-medienflaschen\/#primaryimage"},"image":{"@id":"https:\/\/innome.de\/pet-medienflaschen\/#primaryimage"},"thumbnailUrl":"https:\/\/innome.de\/wp-content\/uploads\/2026\/03\/12362623.jpg","datePublished":"2026-05-03T19:47:52+00:00","description":"PET Square Media Bottles von innoME \u2013 125\u20131000 ml (C084xxx), steril, gamma-bestrahlt, DNase-frei. Deutsches Lager.","breadcrumb":{"@id":"https:\/\/innome.de\/pet-medienflaschen\/#breadcrumb"},"inLanguage":"en-GB","potentialAction":[{"@type":"ReadAction","target":["https:\/\/innome.de\/pet-medienflaschen\/"]}]},{"@type":"ImageObject","inLanguage":"en-GB","@id":"https:\/\/innome.de\/pet-medienflaschen\/#primaryimage","url":"https:\/\/innome.de\/wp-content\/uploads\/2026\/03\/12362623.jpg","contentUrl":"https:\/\/innome.de\/wp-content\/uploads\/2026\/03\/12362623.jpg"},{"@type":"BreadcrumbList","@id":"https:\/\/innome.de\/pet-medienflaschen\/#breadcrumb","itemListElement":[{"@type":"ListItem","position":1,"name":"Home","item":"https:\/\/innome.de\/"},{"@type":"ListItem","position":2,"name":"PET Medienflaschen"}]},{"@type":"WebSite","@id":"https:\/\/innome.de\/#website","url":"https:\/\/innome.de\/","name":"innome","description":"Lab consumable and live cell imaging supplier","publisher":{"@id":"https:\/\/innome.de\/#organization"},"potentialAction":[{"@type":"SearchAction","target":{"@type":"EntryPoint","urlTemplate":"https:\/\/innome.de\/?s={search_term_string}"},"query-input":{"@type":"PropertyValueSpecification","valueRequired":true,"valueName":"search_term_string"}}],"inLanguage":"en-GB"},{"@type":"Organization","@id":"https:\/\/innome.de\/#organization","name":"innome","url":"https:\/\/innome.de\/","logo":{"@type":"ImageObject","inLanguage":"en-GB","@id":"https:\/\/innome.de\/#\/schema\/logo\/image\/","url":"https:\/\/innome.de\/wp-content\/uploads\/2026\/02\/innoMEPNG.png","contentUrl":"https:\/\/innome.de\/wp-content\/uploads\/2026\/02\/innoMEPNG.png","width":125,"height":26,"caption":"innome"},"image":{"@id":"https:\/\/innome.de\/#\/schema\/logo\/image\/"}}]}},"_links":{"self":[{"href":"https:\/\/innome.de\/en\/wp-json\/wp\/v2\/pages\/1409","targetHints":{"allow":["GET"]}}],"collection":[{"href":"https:\/\/innome.de\/en\/wp-json\/wp\/v2\/pages"}],"about":[{"href":"https:\/\/innome.de\/en\/wp-json\/wp\/v2\/types\/page"}],"author":[{"embeddable":true,"href":"https:\/\/innome.de\/en\/wp-json\/wp\/v2\/users\/1"}],"replies":[{"embeddable":true,"href":"https:\/\/innome.de\/en\/wp-json\/wp\/v2\/comments?post=1409"}],"version-history":[{"count":2,"href":"https:\/\/innome.de\/en\/wp-json\/wp\/v2\/pages\/1409\/revisions"}],"predecessor-version":[{"id":1411,"href":"https:\/\/innome.de\/en\/wp-json\/wp\/v2\/pages\/1409\/revisions\/1411"}],"wp:attachment":[{"href":"https:\/\/innome.de\/en\/wp-json\/wp\/v2\/media?parent=1409"}],"curies":[{"name":"wp","href":"https:\/\/api.w.org\/{rel}","templated":true}]}}