{"id":1313,"date":"2026-05-03T11:44:29","date_gmt":"2026-05-03T11:44:29","guid":{"rendered":"https:\/\/innome.de\/?page_id=1313"},"modified":"2026-05-03T11:46:49","modified_gmt":"2026-05-03T11:46:49","slug":"petg-erlenmeyer-fioles","status":"publish","type":"page","link":"https:\/\/innome.de\/fr\/petg-erlenmeyerkolben\/","title":{"rendered":"PETG Erlenmeyer Piston Seal Cap"},"content":{"rendered":"<div class=\"wp-block-group alignfull has-global-padding is-layout-constrained wp-container-core-group-is-layout-a61a3a89 wp-block-group-is-layout-constrained\">\n<div class=\"wp-block-group alignfull has-global-padding is-content-justification-center is-layout-constrained wp-container-core-group-is-layout-b6632178 wp-block-group-is-layout-constrained\" style=\"margin-top:var(--wp--preset--spacing--28);margin-bottom:var(--wp--preset--spacing--28);padding-top:var(--wp--preset--spacing--30);padding-bottom:var(--wp--preset--spacing--30)\">\n<div class=\"wp-block-columns is-layout-flex wp-container-core-columns-is-layout-28f84493 wp-block-columns-is-layout-flex\">\n<div class=\"wp-block-column is-vertically-aligned-center is-layout-flow wp-block-column-is-layout-flow\" style=\"padding-right:var(--wp--preset--spacing--16);padding-left:var(--wp--preset--spacing--16);flex-basis:100%\">\n<div class=\"wp-block-group has-global-padding is-content-justification-center is-layout-constrained wp-block-group-is-layout-constrained\">\n<h2 class=\"wp-block-heading has-text-align-left\">Acheter Erlenmeyer en PETG - St\u00e9rile, Seal Cap, 125-1000 ml | cGMP<\/h2>\n\n\n\n<p class=\"has-text-align-left\"><strong>Fioles \u00e0 agitation st\u00e9riles en PETG avec bouchon d'\u00e9tanch\u00e9it\u00e9 (Seal Cap) - irradi\u00e9es aux rayons gamma, USP Class VI, conformes aux cGMP<\/strong><\/p>\n\n\n\n<p>Le <strong>innoME PETG Erlenmeyer avec Seal Cap<\/strong> est le ballon \u00e0 agitation id\u00e9al pour les processus ana\u00e9robies, le transport de cultures et les applications sans \u00e9change de gaz. Le PETG offre une grande transparence, une r\u00e9sistance chimique et une st\u00e9rilisation aux rayons gamma - dans des volumes allant de 125 ml \u00e0 1.000 ml.<\/p>\n\n\n\n<p class=\"has-text-align-left\">Que pour <strong>Culture de cellules en suspension, cultures microbiennes ou stockage en milieu de culture<\/strong> - irradi\u00e9s aux rayons gamma, st\u00e9riles, sans endotoxine, conformes aux normes cGMP. Prix \u00e0 partir de 29,00 \u20ac.<\/p>\n<\/div>\n\n\n\n<div class=\"wp-block-buttons is-layout-flex wp-block-buttons-is-layout-flex\">\n<div class=\"wp-block-button has-custom-width wp-block-button__width-50\"><a class=\"wp-block-button__link wp-element-button\" href=\"https:\/\/shop.innome.de\/products\/conical-flask-sterile-petg-erlenmeyer-flask-with-seal-cap-gamma-irradiated\" style=\"border-top-left-radius:100px;border-top-right-radius:100px;border-bottom-left-radius:100px;border-bottom-right-radius:100px\">Commandez maintenant ! \u00e0 partir de 29,00 \u20ac.<\/a><\/div>\n<\/div>\n<\/div>\n\n\n\n<div class=\"wp-block-column is-vertically-aligned-center is-layout-flow wp-block-column-is-layout-flow\" style=\"padding-right:var(--wp--preset--spacing--16);padding-left:var(--wp--preset--spacing--16);flex-basis:100%\">\n<figure class=\"wp-block-image aligncenter size-full has-custom-border\"><img fetchpriority=\"high\" decoding=\"async\" width=\"2560\" height=\"1808\" src=\"https:\/\/innome.de\/wp-content\/uploads\/2026\/05\/group-4-scaled.jpg\" alt=\"Erlenmeyer flacons groupe 125 ml - 1 L.\" class=\"wp-image-1315\" style=\"border-top-left-radius:10px;border-top-right-radius:10px;border-bottom-left-radius:10px;border-bottom-right-radius:10px\" srcset=\"https:\/\/innome.de\/wp-content\/uploads\/2026\/05\/group-4-scaled.jpg 2560w, https:\/\/innome.de\/wp-content\/uploads\/2026\/05\/group-4-300x212.jpg 300w, https:\/\/innome.de\/wp-content\/uploads\/2026\/05\/group-4-1024x723.jpg 1024w, https:\/\/innome.de\/wp-content\/uploads\/2026\/05\/group-4-768x542.jpg 768w, https:\/\/innome.de\/wp-content\/uploads\/2026\/05\/group-4-1536x1085.jpg 1536w, https:\/\/innome.de\/wp-content\/uploads\/2026\/05\/group-4-2048x1446.jpg 2048w, https:\/\/innome.de\/wp-content\/uploads\/2026\/05\/group-4-18x12.jpg 18w\" sizes=\"(max-width: 2560px) 100vw, 2560px\" \/><\/figure>\n<\/div>\n<\/div>\n<\/div>\n\n\n\n<div class=\"wp-block-group alignwide is-layout-flow wp-block-group-is-layout-flow\" style=\"margin-top:var(--wp--preset--spacing--30);margin-bottom:var(--wp--preset--spacing--30);padding-top:var(--wp--preset--spacing--30);padding-bottom:var(--wp--preset--spacing--30)\">\n<section class=\"innome-specs-grid\">\n<style>\n.innome-specs-grid{ background:#ffffff; font-family:Poppins,system-ui,-apple-system,BlinkMacSystemFont,\"Segoe UI\",sans-serif; }\n.innome-specs-grid *{ box-sizing:border-box; }\n.innome-specs-grid__container{ max-width:1340px; margin:0 auto; }\n.innome-specs-grid__title{ margin:0 0 28px; color:#009FE3; font-size:42px; line-height:1.05; font-weight:600; letter-spacing:-0.03em; }\n.innome-specs-grid__grid{ display:grid; grid-template-columns:repeat(4,minmax(0,1fr)); gap:22px; }\n.innome-specs-grid__item{ border:1px solid rgba(15,47,58,0.08); border-radius:18px; padding:22px; transition:border-color .25s,box-shadow .25s,transform .25s; }\n.innome-specs-grid__item:hover{ border-color:rgba(0,159,227,0.25); box-shadow:0 12px 30px rgba(15,47,58,0.08); transform:translateY(-2px); }\n.innome-specs-grid__label{ margin:0 0 6px; color:#0f2f3a; font-size:17px; font-weight:600; }\n.innome-specs-grid__value{ margin:0; color:#5d7680; font-size:15px; line-height:1.65; }\n@media (max-width:1000px){ .innome-specs-grid__grid{ grid-template-columns:repeat(2,1fr); } }\n@media (max-width:640px){ .innome-specs-grid__grid{ grid-template-columns:1fr; } }\n<\/style>\n<div class=\"innome-specs-grid__container\">\n<h2 class=\"innome-specs-grid__title\">Sp\u00e9cifications techniques<\/h2>\n<div class=\"innome-specs-grid__grid\">\n<div class=\"innome-specs-grid__item\"><h3 class=\"innome-specs-grid__label\">Volumina<\/h3><p class=\"innome-specs-grid__value\">125 ml, 250 ml, 500 ml, 1 000 ml<\/p><\/div>\n<div class=\"innome-specs-grid__item\"><h3 class=\"innome-specs-grid__label\">Mat\u00e9riel<\/h3><p class=\"innome-specs-grid__value\">PETG (Poly\u00e9thyl\u00e8ne t\u00e9r\u00e9phtalate glycolis\u00e9)<\/p><\/div>\n<div class=\"innome-specs-grid__item\"><h3 class=\"innome-specs-grid__label\">Fermeture<\/h3><p class=\"innome-specs-grid__value\">Seal Cap (capuchon de fermeture) - \u00e9tanche au gaz<\/p><\/div>\n<div class=\"innome-specs-grid__item\"><h3 class=\"innome-specs-grid__label\">St\u00e9rilisation<\/h3><p class=\"innome-specs-grid__value\">Irradiation gamma, SAL 10\u207b\u2076<\/p><\/div>\n<div class=\"innome-specs-grid__item\"><h3 class=\"innome-specs-grid__label\">Classe USP<\/h3><p class=\"innome-specs-grid__value\">Classe VI USP<\/p><\/div>\n<div class=\"innome-specs-grid__item\"><h3 class=\"innome-specs-grid__label\">Certificats<\/h3><p class=\"innome-specs-grid__value\">Exempt de DNase, exempt de RNase, exempt d'endotoxine<\/p><\/div>\n<div class=\"innome-specs-grid__item\"><h3 class=\"innome-specs-grid__label\">Autoclavable<\/h3><p class=\"innome-specs-grid__value\">Non (PETG)<\/p><\/div>\n<div class=\"innome-specs-grid__item\"><h3 class=\"innome-specs-grid__label\">Production<\/h3><p class=\"innome-specs-grid__value\">Conforme aux normes cGMP<\/p><\/div>\n<div class=\"innome-specs-grid__item\"><h3 class=\"innome-specs-grid__label\">Prix \u00e0 partir de<\/h3><p class=\"innome-specs-grid__value\">29,00 \u20ac<\/p><\/div>\n<div class=\"innome-specs-grid__item\"><h3 class=\"innome-specs-grid__label\">Emballage<\/h3><p class=\"innome-specs-grid__value\">Emballage individuel, st\u00e9rile<\/p><\/div>\n<div class=\"innome-specs-grid__item\"><h3 class=\"innome-specs-grid__label\">Chicane<\/h3><p class=\"innome-specs-grid__value\">Non (forme Erlenmeyer standard)<\/p><\/div>\n<div class=\"innome-specs-grid__item\"><h3 class=\"innome-specs-grid__label\">Origine<\/h3><p class=\"innome-specs-grid__value\">Entrep\u00f4t allemand, pas de droits d'importation<\/p><\/div>\n<\/div>\n<\/div>\n<\/section>\n<\/div>\n\n\n\n<div class=\"wp-block-group alignwide is-layout-flow wp-block-group-is-layout-flow\" style=\"margin-top:var(--wp--preset--spacing--30);margin-bottom:var(--wp--preset--spacing--30);padding-top:var(--wp--preset--spacing--30);padding-bottom:var(--wp--preset--spacing--30)\">\n<section class=\"innome-oem\">\n<style>\n.innome-oem{ background:#ffffff; font-family:Poppins,system-ui,-apple-system,BlinkMacSystemFont,\"Segoe UI\",sans-serif; }\n.innome-oem *{ box-sizing:border-box; }\n.innome-oem__container{ max-width:1340px; margin:0 auto; }\n.innome-oem__card{ border:1px solid rgba(15,47,58,0.08); border-radius:24px; padding:36px; background:#fff; box-shadow:0 14px 34px rgba(15,47,58,0.05); }\n.innome-oem__title{ margin:0 0 12px; color:#009FE3; font-size:32px; line-height:1.05; font-weight:600; letter-spacing:-0.03em; }\n.innome-oem__subtitle{ margin:0 0 26px; font-size:16px; line-height:1.7; color:#5d7680; }\n.innome-oem__grid{ display:grid; grid-template-columns:1fr 1fr; gap:36px; }\n.innome-oem__links{ display:flex; flex-direction:column; gap:14px; }\n.innome-oem__link{ display:inline-flex; align-items:center; gap:10px; font-size:16px; text-decoration:none; color:#0f2f3a; font-weight:500; transition:all .25s ease; }\n.innome-oem__link:hover{ color:#009FE3; }\n.innome-oem__arrow{ color:#009FE3; font-weight:600; }\n@media (max-width:900px){ .innome-oem__grid{ grid-template-columns:1fr; } }\n<\/style>\n<div class=\"innome-oem__container\">\n<div class=\"innome-oem__card\">\n<h2 class=\"innome-oem__title\">Autres variantes d'erlenmeyers<\/h2>\n<p class=\"innome-oem__subtitle\">innoME propose la gamme compl\u00e8te de fioles Erlenmeyer st\u00e9riles - du PETG standard aux fioles PC-Chicane haute performance avec des syst\u00e8mes de tubes multi-ports.<\/p>\n<div class=\"innome-oem__grid\">\n<div class=\"innome-oem__links\">\n<a class=\"innome-oem__link\" href=\"\/pc-erlenmeyerkolben\"><span class=\"innome-oem__arrow\">\u2192<\/span>PC Fioles Erlenmeyer (autoclavables)<\/a>\n<a class=\"innome-oem__link\" href=\"\/schikane-erlenmeyerkolben\"><span class=\"innome-oem__arrow\">\u2192<\/span>Erlenmeyer de Chicane Seal Cap<\/a>\n<a class=\"innome-oem__link\" href=\"\/schikane-erlenmeyerkolben-vent\"><span class=\"innome-oem__arrow\">\u2192<\/span>Erlenmeyer de Chicane Vent Cap<\/a>\n<a class=\"innome-oem__link\" href=\"\/erlenmeyerkolben-gross\"><span class=\"innome-oem__arrow\">\u2192<\/span>Erlenmeyerkolben PC 3 L et 5 L<\/a>\n<\/div>\n<div class=\"innome-oem__links\">\n<a class=\"innome-oem__link\" href=\"\/erlenmeyerkolben-2port\"><span class=\"innome-oem__arrow\">\u2192<\/span>Syst\u00e8me de tube \u00e0 2 orifices pour erlenmeyer<\/a>\n<a class=\"innome-oem__link\" href=\"\/erlenmeyerkolben-3port\"><span class=\"innome-oem__arrow\">\u2192<\/span>Syst\u00e8me de tube \u00e0 essai Erlenmeyer \u00e0 3 ports<\/a>\n<a class=\"innome-oem__link\" href=\"\/erlenmeyerkolben\"><span class=\"innome-oem__arrow\">\u2192<\/span>Tous les erlenmeyers Aper\u00e7u<\/a>\n<a class=\"innome-oem__link\" href=\"mailto:info@innome.de\"><span class=\"innome-oem__arrow\">\u2192<\/span>Faire une demande OEM<\/a>\n<\/div>\n<\/div>\n<\/div>\n<\/div>\n<\/section>\n<\/div>\n<\/div>","protected":false},"excerpt":{"rendered":"<p>PETG Erlenmeyerkolben kaufen \u2013 Steril, Seal Cap, 125\u20131000 ml | cGMP Sterile PETG Sch\u00fcttelkolben mit Verschlusskappe (Seal Cap) \u2013 gamma-bestrahlt, USP Class VI, cGMP-konform Der innoME PETG Erlenmeyerkolben mit Seal [&hellip;]<\/p>\n","protected":false},"author":1,"featured_media":0,"parent":0,"menu_order":0,"comment_status":"closed","ping_status":"closed","template":"","meta":{"_EventAllDay":false,"_EventTimezone":"","_EventStartDate":"","_EventEndDate":"","_EventStartDateUTC":"","_EventEndDateUTC":"","_EventShowMap":false,"_EventShowMapLink":false,"_EventURL":"","_EventCost":"","_EventCostDescription":"","_EventCurrencySymbol":"","_EventCurrencyCode":"","_EventCurrencyPosition":"","_EventDateTimeSeparator":"","_EventTimeRangeSeparator":"","_EventOrganizerID":[],"_EventVenueID":[],"_OrganizerEmail":"","_OrganizerPhone":"","_OrganizerWebsite":"","_VenueAddress":"","_VenueCity":"","_VenueCountry":"","_VenueProvince":"","_VenueState":"","_VenueZip":"","_VenuePhone":"","_VenueURL":"","_VenueStateProvince":"","_VenueLat":"","_VenueLng":"","_VenueShowMap":false,"_VenueShowMapLink":false,"footnotes":""},"class_list":["post-1313","page","type-page","status-publish","hentry"],"yoast_head":"<!-- This site is optimized with the Yoast SEO plugin v27.6 - https:\/\/yoast.com\/product\/yoast-seo-wordpress\/ -->\n<title>PETG Erlenmeyerkolben kaufen \u2013 steril, Seal Cap, cGMP | innoME<\/title>\n<meta name=\"description\" content=\"PETG Erlenmeyerkolben von innoME \u2013 125\u20131000 ml, steril, gamma-bestrahlt, Seal Cap, cGMP. Deutsches Lager.\" \/>\n<meta name=\"robots\" content=\"index, follow, max-snippet:-1, max-image-preview:large, max-video-preview:-1\" \/>\n<link rel=\"canonical\" href=\"https:\/\/innome.de\/fr\/petg-erlenmeyer-fioles\/\" \/>\n<meta property=\"og:locale\" content=\"fr_FR\" \/>\n<meta property=\"og:type\" content=\"article\" \/>\n<meta property=\"og:title\" content=\"PETG Erlenmeyerkolben kaufen \u2013 steril, Seal Cap, cGMP | innoME\" \/>\n<meta property=\"og:description\" content=\"PETG Erlenmeyerkolben von innoME \u2013 125\u20131000 ml, steril, gamma-bestrahlt, Seal Cap, cGMP. Deutsches Lager.\" \/>\n<meta property=\"og:url\" content=\"https:\/\/innome.de\/fr\/petg-erlenmeyer-fioles\/\" \/>\n<meta property=\"og:site_name\" content=\"innome\" \/>\n<meta property=\"article:modified_time\" content=\"2026-05-03T11:46:49+00:00\" \/>\n<meta property=\"og:image\" content=\"https:\/\/innome.de\/wp-content\/uploads\/2026\/05\/group-4-scaled.jpg\" \/>\n\t<meta property=\"og:image:width\" content=\"2560\" \/>\n\t<meta property=\"og:image:height\" content=\"1808\" \/>\n\t<meta property=\"og:image:type\" content=\"image\/jpeg\" \/>\n<meta name=\"twitter:card\" content=\"summary_large_image\" \/>\n<meta name=\"twitter:label1\" content=\"Dur\u00e9e de lecture estim\u00e9e\" \/>\n\t<meta name=\"twitter:data1\" content=\"2 minutes\" \/>\n<script type=\"application\/ld+json\" class=\"yoast-schema-graph\">{\"@context\":\"https:\\\/\\\/schema.org\",\"@graph\":[{\"@type\":\"WebPage\",\"@id\":\"https:\\\/\\\/innome.de\\\/petg-erlenmeyerkolben\\\/\",\"url\":\"https:\\\/\\\/innome.de\\\/petg-erlenmeyerkolben\\\/\",\"name\":\"PETG Erlenmeyerkolben kaufen \u2013 steril, Seal Cap, cGMP | innoME\",\"isPartOf\":{\"@id\":\"https:\\\/\\\/innome.de\\\/#website\"},\"primaryImageOfPage\":{\"@id\":\"https:\\\/\\\/innome.de\\\/petg-erlenmeyerkolben\\\/#primaryimage\"},\"image\":{\"@id\":\"https:\\\/\\\/innome.de\\\/petg-erlenmeyerkolben\\\/#primaryimage\"},\"thumbnailUrl\":\"https:\\\/\\\/innome.de\\\/wp-content\\\/uploads\\\/2026\\\/05\\\/group-4-scaled.jpg\",\"datePublished\":\"2026-05-03T11:44:29+00:00\",\"dateModified\":\"2026-05-03T11:46:49+00:00\",\"description\":\"PETG Erlenmeyerkolben von innoME \u2013 125\u20131000 ml, steril, gamma-bestrahlt, Seal Cap, cGMP. Deutsches Lager.\",\"breadcrumb\":{\"@id\":\"https:\\\/\\\/innome.de\\\/petg-erlenmeyerkolben\\\/#breadcrumb\"},\"inLanguage\":\"fr-FR\",\"potentialAction\":[{\"@type\":\"ReadAction\",\"target\":[\"https:\\\/\\\/innome.de\\\/petg-erlenmeyerkolben\\\/\"]}]},{\"@type\":\"ImageObject\",\"inLanguage\":\"fr-FR\",\"@id\":\"https:\\\/\\\/innome.de\\\/petg-erlenmeyerkolben\\\/#primaryimage\",\"url\":\"https:\\\/\\\/innome.de\\\/wp-content\\\/uploads\\\/2026\\\/05\\\/group-4-scaled.jpg\",\"contentUrl\":\"https:\\\/\\\/innome.de\\\/wp-content\\\/uploads\\\/2026\\\/05\\\/group-4-scaled.jpg\"},{\"@type\":\"BreadcrumbList\",\"@id\":\"https:\\\/\\\/innome.de\\\/petg-erlenmeyerkolben\\\/#breadcrumb\",\"itemListElement\":[{\"@type\":\"ListItem\",\"position\":1,\"name\":\"Home\",\"item\":\"https:\\\/\\\/innome.de\\\/\"},{\"@type\":\"ListItem\",\"position\":2,\"name\":\"PETG Erlenmeyer Kolben Seal Cap\"}]},{\"@type\":\"WebSite\",\"@id\":\"https:\\\/\\\/innome.de\\\/#website\",\"url\":\"https:\\\/\\\/innome.de\\\/\",\"name\":\"innome\",\"description\":\"Lab consumable and live cell imaging supplier\",\"publisher\":{\"@id\":\"https:\\\/\\\/innome.de\\\/#organization\"},\"potentialAction\":[{\"@type\":\"SearchAction\",\"target\":{\"@type\":\"EntryPoint\",\"urlTemplate\":\"https:\\\/\\\/innome.de\\\/?s={search_term_string}\"},\"query-input\":{\"@type\":\"PropertyValueSpecification\",\"valueRequired\":true,\"valueName\":\"search_term_string\"}}],\"inLanguage\":\"fr-FR\"},{\"@type\":\"Organization\",\"@id\":\"https:\\\/\\\/innome.de\\\/#organization\",\"name\":\"innome\",\"url\":\"https:\\\/\\\/innome.de\\\/\",\"logo\":{\"@type\":\"ImageObject\",\"inLanguage\":\"fr-FR\",\"@id\":\"https:\\\/\\\/innome.de\\\/#\\\/schema\\\/logo\\\/image\\\/\",\"url\":\"https:\\\/\\\/innome.de\\\/wp-content\\\/uploads\\\/2026\\\/02\\\/innoMEPNG.png\",\"contentUrl\":\"https:\\\/\\\/innome.de\\\/wp-content\\\/uploads\\\/2026\\\/02\\\/innoMEPNG.png\",\"width\":125,\"height\":26,\"caption\":\"innome\"},\"image\":{\"@id\":\"https:\\\/\\\/innome.de\\\/#\\\/schema\\\/logo\\\/image\\\/\"}}]}<\/script>\n<!-- \/ Yoast SEO plugin. -->","yoast_head_json":{"title":"Acheter Erlenmeyer PETG - st\u00e9rile, Seal Cap, cGMP | innoME","description":"Erlenmeyers en PETG d'innoME - 125-1000 ml, st\u00e9riles, irradi\u00e9s aux rayons gamma, Seal Cap, cGMP. Stock allemand.","robots":{"index":"index","follow":"follow","max-snippet":"max-snippet:-1","max-image-preview":"max-image-preview:large","max-video-preview":"max-video-preview:-1"},"canonical":"https:\/\/innome.de\/fr\/petg-erlenmeyer-fioles\/","og_locale":"fr_FR","og_type":"article","og_title":"PETG Erlenmeyerkolben kaufen \u2013 steril, Seal Cap, cGMP | innoME","og_description":"PETG Erlenmeyerkolben von innoME \u2013 125\u20131000 ml, steril, gamma-bestrahlt, Seal Cap, cGMP. Deutsches Lager.","og_url":"https:\/\/innome.de\/fr\/petg-erlenmeyer-fioles\/","og_site_name":"innome","article_modified_time":"2026-05-03T11:46:49+00:00","og_image":[{"width":2560,"height":1808,"url":"https:\/\/innome.de\/wp-content\/uploads\/2026\/05\/group-4-scaled.jpg","type":"image\/jpeg"}],"twitter_card":"summary_large_image","twitter_misc":{"Dur\u00e9e de lecture estim\u00e9e":"2 minutes"},"schema":{"@context":"https:\/\/schema.org","@graph":[{"@type":"WebPage","@id":"https:\/\/innome.de\/petg-erlenmeyerkolben\/","url":"https:\/\/innome.de\/petg-erlenmeyerkolben\/","name":"Acheter Erlenmeyer PETG - st\u00e9rile, Seal Cap, cGMP | innoME","isPartOf":{"@id":"https:\/\/innome.de\/#website"},"primaryImageOfPage":{"@id":"https:\/\/innome.de\/petg-erlenmeyerkolben\/#primaryimage"},"image":{"@id":"https:\/\/innome.de\/petg-erlenmeyerkolben\/#primaryimage"},"thumbnailUrl":"https:\/\/innome.de\/wp-content\/uploads\/2026\/05\/group-4-scaled.jpg","datePublished":"2026-05-03T11:44:29+00:00","dateModified":"2026-05-03T11:46:49+00:00","description":"Erlenmeyers en PETG d'innoME - 125-1000 ml, st\u00e9riles, irradi\u00e9s aux rayons gamma, Seal Cap, cGMP. Stock allemand.","breadcrumb":{"@id":"https:\/\/innome.de\/petg-erlenmeyerkolben\/#breadcrumb"},"inLanguage":"fr-FR","potentialAction":[{"@type":"ReadAction","target":["https:\/\/innome.de\/petg-erlenmeyerkolben\/"]}]},{"@type":"ImageObject","inLanguage":"fr-FR","@id":"https:\/\/innome.de\/petg-erlenmeyerkolben\/#primaryimage","url":"https:\/\/innome.de\/wp-content\/uploads\/2026\/05\/group-4-scaled.jpg","contentUrl":"https:\/\/innome.de\/wp-content\/uploads\/2026\/05\/group-4-scaled.jpg"},{"@type":"BreadcrumbList","@id":"https:\/\/innome.de\/petg-erlenmeyerkolben\/#breadcrumb","itemListElement":[{"@type":"ListItem","position":1,"name":"Home","item":"https:\/\/innome.de\/"},{"@type":"ListItem","position":2,"name":"PETG Erlenmeyer Kolben Seal Cap"}]},{"@type":"WebSite","@id":"https:\/\/innome.de\/#website","url":"https:\/\/innome.de\/","name":"innome","description":"Fournisseur de consommables de laboratoire et d'imagerie de cellules vivantes","publisher":{"@id":"https:\/\/innome.de\/#organization"},"potentialAction":[{"@type":"SearchAction","target":{"@type":"EntryPoint","urlTemplate":"https:\/\/innome.de\/?s={search_term_string}"},"query-input":{"@type":"PropertyValueSpecification","valueRequired":true,"valueName":"search_term_string"}}],"inLanguage":"fr-FR"},{"@type":"Organization","@id":"https:\/\/innome.de\/#organization","name":"innome","url":"https:\/\/innome.de\/","logo":{"@type":"ImageObject","inLanguage":"fr-FR","@id":"https:\/\/innome.de\/#\/schema\/logo\/image\/","url":"https:\/\/innome.de\/wp-content\/uploads\/2026\/02\/innoMEPNG.png","contentUrl":"https:\/\/innome.de\/wp-content\/uploads\/2026\/02\/innoMEPNG.png","width":125,"height":26,"caption":"innome"},"image":{"@id":"https:\/\/innome.de\/#\/schema\/logo\/image\/"}}]}},"_links":{"self":[{"href":"https:\/\/innome.de\/fr\/wp-json\/wp\/v2\/pages\/1313","targetHints":{"allow":["GET"]}}],"collection":[{"href":"https:\/\/innome.de\/fr\/wp-json\/wp\/v2\/pages"}],"about":[{"href":"https:\/\/innome.de\/fr\/wp-json\/wp\/v2\/types\/page"}],"author":[{"embeddable":true,"href":"https:\/\/innome.de\/fr\/wp-json\/wp\/v2\/users\/1"}],"replies":[{"embeddable":true,"href":"https:\/\/innome.de\/fr\/wp-json\/wp\/v2\/comments?post=1313"}],"version-history":[{"count":4,"href":"https:\/\/innome.de\/fr\/wp-json\/wp\/v2\/pages\/1313\/revisions"}],"predecessor-version":[{"id":1319,"href":"https:\/\/innome.de\/fr\/wp-json\/wp\/v2\/pages\/1313\/revisions\/1319"}],"wp:attachment":[{"href":"https:\/\/innome.de\/fr\/wp-json\/wp\/v2\/media?parent=1313"}],"curies":[{"name":"wp","href":"https:\/\/api.w.org\/{rel}","templated":true}]}}